{"id":4297,"date":"2023-05-05T00:00:39","date_gmt":"2023-05-04T23:00:39","guid":{"rendered":"https:\/\/websitebijmeceda.nl\/vcn\/kontakt\/"},"modified":"2023-05-18T13:17:44","modified_gmt":"2023-05-18T12:17:44","slug":"kontakt","status":"publish","type":"page","link":"https:\/\/vcnbv.nl\/de\/ueber-uns\/kontakt\/","title":{"rendered":"Kontakt"},"content":{"rendered":"\t\t<div data-elementor-type=\"wp-page\" data-elementor-id=\"4297\" class=\"elementor elementor-4297 elementor-1961\" data-elementor-post-type=\"page\">\n\t\t\t\t\t\t<section class=\"elementor-section elementor-top-section elementor-element elementor-element-8c8d36a elementor-section-boxed elementor-section-height-default elementor-section-height-default\" data-id=\"8c8d36a\" data-element_type=\"section\" data-e-type=\"section\">\n\t\t\t\t\t\t<div class=\"elementor-container elementor-column-gap-default\">\n\t\t\t\t\t<div class=\"elementor-column elementor-col-50 elementor-top-column elementor-element elementor-element-7ce8301\" data-id=\"7ce8301\" data-element_type=\"column\" data-e-type=\"column\">\n\t\t\t<div class=\"elementor-widget-wrap elementor-element-populated\">\n\t\t\t\t\t\t<div class=\"elementor-element elementor-element-c4fe31b elementor-widget elementor-widget-heading\" data-id=\"c4fe31b\" data-element_type=\"widget\" data-e-type=\"widget\" data-widget_type=\"heading.default\">\n\t\t\t\t<div class=\"elementor-widget-container\">\n\t\t\t\t\t<h1 class=\"elementor-heading-title elementor-size-default\">KONTAKT<\/h1>\t\t\t\t<\/div>\n\t\t\t\t<\/div>\n\t\t\t\t<div class=\"elementor-element elementor-element-a7f8264 elementor-widget-divider--view-line elementor-widget elementor-widget-divider\" data-id=\"a7f8264\" data-element_type=\"widget\" data-e-type=\"widget\" data-widget_type=\"divider.default\">\n\t\t\t\t<div class=\"elementor-widget-container\">\n\t\t\t\t\t\t\t<div class=\"elementor-divider\">\n\t\t\t<span class=\"elementor-divider-separator\">\n\t\t\t\t\t\t<\/span>\n\t\t<\/div>\n\t\t\t\t\t\t<\/div>\n\t\t\t\t<\/div>\n\t\t\t\t<div class=\"elementor-element elementor-element-b70dcc5 elementor-widget elementor-widget-text-editor\" data-id=\"b70dcc5\" data-element_type=\"widget\" data-e-type=\"widget\" data-widget_type=\"text-editor.default\">\n\t\t\t\t<div class=\"elementor-widget-container\">\n\t\t\t\t\t\t\t\t\t<p>Wenn es um Qualit\u00e4t, zuverl\u00e4ssige Vereinbarungen und vor allem um Ihr Produkt geht, sprechen wir dieselbe Sprache. Bei einer Tasse Kaffee w\u00fcrden wir gerne mit Ihnen \u00fcber die M\u00f6glichkeiten des VCN mass turning sprechen. <\/p>\n\t\t\t\t\t\t\t\t<\/div>\n\t\t\t\t<\/div>\n\t\t\t\t\t<\/div>\n\t\t<\/div>\n\t\t\t\t<div class=\"elementor-column elementor-col-50 elementor-top-column elementor-element elementor-element-5469a99\" data-id=\"5469a99\" data-element_type=\"column\" data-e-type=\"column\">\n\t\t\t<div class=\"elementor-widget-wrap elementor-element-populated\">\n\t\t\t\t\t\t<div class=\"elementor-element elementor-element-747c50a elementor-widget elementor-widget-google_maps\" data-id=\"747c50a\" data-element_type=\"widget\" data-e-type=\"widget\" data-widget_type=\"google_maps.default\">\n\t\t\t\t<div class=\"elementor-widget-container\">\n\t\t\t\t\t\t\t<div class=\"elementor-custom-embed\">\n\t\t\t<iframe loading=\"lazy\"\n\t\t\t\t\tsrc=\"https:\/\/maps.google.com\/maps?q=Branderij%205%2C%209351%20NX%20Leek&#038;t=m&#038;z=10&#038;output=embed&#038;iwloc=near\"\n\t\t\t\t\ttitle=\"Branderij 5, 9351 NX Leek\"\n\t\t\t\t\taria-label=\"Branderij 5, 9351 NX Leek\"\n\t\t\t><\/iframe>\n\t\t<\/div>\n\t\t\t\t\t\t<\/div>\n\t\t\t\t<\/div>\n\t\t\t\t\t<\/div>\n\t\t<\/div>\n\t\t\t\t\t<\/div>\n\t\t<\/section>\n\t\t\t\t<\/div>\n\t\t","protected":false},"excerpt":{"rendered":"<p>KONTAKT Wenn es um Qualit\u00e4t, zuverl\u00e4ssige Vereinbarungen und vor allem um Ihr Produkt geht, sprechen wir dieselbe Sprache. Bei einer Tasse Kaffee w\u00fcrden wir gerne mit Ihnen \u00fcber die M\u00f6glichkeiten des VCN mass turning sprechen.<\/p>\n","protected":false},"author":5,"featured_media":0,"parent":4411,"menu_order":99,"comment_status":"closed","ping_status":"closed","template":"elementor_header_footer","meta":{"footnotes":""},"class_list":["post-4297","page","type-page","status-publish"],"_links":{"self":[{"href":"https:\/\/vcnbv.nl\/de\/wp-json\/wp\/v2\/pages\/4297","targetHints":{"allow":["GET"]}}],"collection":[{"href":"https:\/\/vcnbv.nl\/de\/wp-json\/wp\/v2\/pages"}],"about":[{"href":"https:\/\/vcnbv.nl\/de\/wp-json\/wp\/v2\/types\/page"}],"author":[{"embeddable":true,"href":"https:\/\/vcnbv.nl\/de\/wp-json\/wp\/v2\/users\/5"}],"replies":[{"embeddable":true,"href":"https:\/\/vcnbv.nl\/de\/wp-json\/wp\/v2\/comments?post=4297"}],"version-history":[{"count":0,"href":"https:\/\/vcnbv.nl\/de\/wp-json\/wp\/v2\/pages\/4297\/revisions"}],"up":[{"embeddable":true,"href":"https:\/\/vcnbv.nl\/de\/wp-json\/wp\/v2\/pages\/4411"}],"wp:attachment":[{"href":"https:\/\/vcnbv.nl\/de\/wp-json\/wp\/v2\/media?parent=4297"}],"curies":[{"name":"wp","href":"https:\/\/api.w.org\/{rel}","templated":true}]}}