{"id":4346,"date":"2023-05-05T00:00:55","date_gmt":"2023-05-04T23:00:55","guid":{"rendered":"https:\/\/websitebijmeceda.nl\/vcn\/technischer-dienst\/"},"modified":"2023-05-18T12:54:10","modified_gmt":"2023-05-18T11:54:10","slug":"technischer-dienst","status":"publish","type":"page","link":"https:\/\/vcnbv.nl\/de\/organization\/technischer-dienst\/","title":{"rendered":"Technischer Dienst"},"content":{"rendered":"\t\t<div data-elementor-type=\"wp-page\" data-elementor-id=\"4346\" class=\"elementor elementor-4346 elementor-1551\" data-elementor-post-type=\"page\">\n\t\t\t\t\t\t<section class=\"elementor-section elementor-top-section elementor-element elementor-element-8c8d36a elementor-section-boxed elementor-section-height-default elementor-section-height-default\" data-id=\"8c8d36a\" data-element_type=\"section\" data-e-type=\"section\">\n\t\t\t\t\t\t<div class=\"elementor-container elementor-column-gap-default\">\n\t\t\t\t\t<div class=\"elementor-column elementor-col-50 elementor-top-column elementor-element elementor-element-7ce8301\" data-id=\"7ce8301\" data-element_type=\"column\" data-e-type=\"column\">\n\t\t\t<div class=\"elementor-widget-wrap elementor-element-populated\">\n\t\t\t\t\t\t<div class=\"elementor-element elementor-element-c4fe31b elementor-widget elementor-widget-heading\" data-id=\"c4fe31b\" data-element_type=\"widget\" data-e-type=\"widget\" data-widget_type=\"heading.default\">\n\t\t\t\t<div class=\"elementor-widget-container\">\n\t\t\t\t\t<h1 class=\"elementor-heading-title elementor-size-default\">TECHNISCHER DIENST\n<\/h1>\t\t\t\t<\/div>\n\t\t\t\t<\/div>\n\t\t\t\t<div class=\"elementor-element elementor-element-a7f8264 elementor-widget-divider--view-line elementor-widget elementor-widget-divider\" data-id=\"a7f8264\" data-element_type=\"widget\" data-e-type=\"widget\" data-widget_type=\"divider.default\">\n\t\t\t\t<div class=\"elementor-widget-container\">\n\t\t\t\t\t\t\t<div class=\"elementor-divider\">\n\t\t\t<span class=\"elementor-divider-separator\">\n\t\t\t\t\t\t<\/span>\n\t\t<\/div>\n\t\t\t\t\t\t<\/div>\n\t\t\t\t<\/div>\n\t\t\t\t<div class=\"elementor-element elementor-element-b70dcc5 elementor-widget elementor-widget-text-editor\" data-id=\"b70dcc5\" data-element_type=\"widget\" data-e-type=\"widget\" data-widget_type=\"text-editor.default\">\n\t\t\t\t<div class=\"elementor-widget-container\">\n\t\t\t\t\t\t\t\t\t<p>Obwohl wir unseren Maschinenpark nat\u00fcrlich in Topform halten, lassen sich Produktionsstockungen nie ganz ausschlie\u00dfen. Um dadurch entstehende Lieferengp\u00e4sse zu vermeiden, geh\u00f6rt es zu unserer Gesch\u00e4ftspolitik, dass wir kritische Komponenten in Reserve halten. Au\u00dferdem haben wir von allen Produktionsmaschinentypen identische Exemplare, damit wir die Produktion im Notfall schnell auf einer anderen Maschine weiterlaufen lassen k\u00f6nnen.  <\/p>\n\t\t\t\t\t\t\t\t<\/div>\n\t\t\t\t<\/div>\n\t\t\t\t\t<\/div>\n\t\t<\/div>\n\t\t\t\t<div class=\"elementor-column elementor-col-50 elementor-top-column elementor-element elementor-element-3bfb923\" data-id=\"3bfb923\" data-element_type=\"column\" data-e-type=\"column\">\n\t\t\t<div class=\"elementor-widget-wrap elementor-element-populated\">\n\t\t\t\t\t\t<div class=\"elementor-element elementor-element-7623c62 elementor-widget elementor-widget-image\" data-id=\"7623c62\" data-element_type=\"widget\" data-e-type=\"widget\" data-widget_type=\"image.default\">\n\t\t\t\t<div class=\"elementor-widget-container\">\n\t\t\t\t\t\t\t\t\t\t\t\t\t\t\t<img fetchpriority=\"high\" decoding=\"async\" width=\"600\" height=\"360\" src=\"https:\/\/vcnbv.nl\/wp-content\/uploads\/organisatie_technische-dienst_technische-dienst.jpg\" class=\"attachment-full size-full wp-image-8135\" alt=\"\" srcset=\"https:\/\/vcnbv.nl\/wp-content\/uploads\/organisatie_technische-dienst_technische-dienst.jpg 600w, https:\/\/vcnbv.nl\/wp-content\/uploads\/organisatie_technische-dienst_technische-dienst-300x180.jpg 300w\" sizes=\"(max-width: 600px) 100vw, 600px\" \/>\t\t\t\t\t\t\t\t\t\t\t\t\t\t\t<\/div>\n\t\t\t\t<\/div>\n\t\t\t\t\t<\/div>\n\t\t<\/div>\n\t\t\t\t\t<\/div>\n\t\t<\/section>\n\t\t\t\t<section class=\"elementor-section elementor-top-section elementor-element elementor-element-2c9ea07 elementor-reverse-mobile elementor-section-boxed elementor-section-height-default elementor-section-height-default\" data-id=\"2c9ea07\" data-element_type=\"section\" data-e-type=\"section\">\n\t\t\t\t\t\t<div class=\"elementor-container elementor-column-gap-default\">\n\t\t\t\t\t<div class=\"elementor-column elementor-col-50 elementor-top-column elementor-element elementor-element-4c9b087\" data-id=\"4c9b087\" data-element_type=\"column\" data-e-type=\"column\">\n\t\t\t<div class=\"elementor-widget-wrap elementor-element-populated\">\n\t\t\t\t\t\t<div class=\"elementor-element elementor-element-1fe1949 elementor-widget elementor-widget-image\" data-id=\"1fe1949\" data-element_type=\"widget\" data-e-type=\"widget\" data-widget_type=\"image.default\">\n\t\t\t\t<div class=\"elementor-widget-container\">\n\t\t\t\t\t\t\t\t\t\t\t\t\t\t\t<img decoding=\"async\" width=\"600\" height=\"360\" src=\"https:\/\/vcnbv.nl\/wp-content\/uploads\/organisatie_technische-dienst_werkplaats.jpg\" class=\"attachment-full size-full wp-image-8138\" alt=\"\" srcset=\"https:\/\/vcnbv.nl\/wp-content\/uploads\/organisatie_technische-dienst_werkplaats.jpg 600w, https:\/\/vcnbv.nl\/wp-content\/uploads\/organisatie_technische-dienst_werkplaats-300x180.jpg 300w\" sizes=\"(max-width: 600px) 100vw, 600px\" \/>\t\t\t\t\t\t\t\t\t\t\t\t\t\t\t<\/div>\n\t\t\t\t<\/div>\n\t\t\t\t\t<\/div>\n\t\t<\/div>\n\t\t\t\t<div class=\"elementor-column elementor-col-50 elementor-top-column elementor-element elementor-element-ff6e598\" data-id=\"ff6e598\" data-element_type=\"column\" data-e-type=\"column\">\n\t\t\t<div class=\"elementor-widget-wrap elementor-element-populated\">\n\t\t\t\t\t\t<div class=\"elementor-element elementor-element-73fa185 elementor-widget elementor-widget-heading\" data-id=\"73fa185\" data-element_type=\"widget\" data-e-type=\"widget\" data-widget_type=\"heading.default\">\n\t\t\t\t<div class=\"elementor-widget-container\">\n\t\t\t\t\t<h2 class=\"elementor-heading-title elementor-size-default\">WERKSTATT<\/h2>\t\t\t\t<\/div>\n\t\t\t\t<\/div>\n\t\t\t\t<div class=\"elementor-element elementor-element-aac4dd0 elementor-widget-divider--view-line elementor-widget elementor-widget-divider\" data-id=\"aac4dd0\" data-element_type=\"widget\" data-e-type=\"widget\" data-widget_type=\"divider.default\">\n\t\t\t\t<div class=\"elementor-widget-container\">\n\t\t\t\t\t\t\t<div class=\"elementor-divider\">\n\t\t\t<span class=\"elementor-divider-separator\">\n\t\t\t\t\t\t<\/span>\n\t\t<\/div>\n\t\t\t\t\t\t<\/div>\n\t\t\t\t<\/div>\n\t\t\t\t<div class=\"elementor-element elementor-element-0fba653 elementor-widget elementor-widget-text-editor\" data-id=\"0fba653\" data-element_type=\"widget\" data-e-type=\"widget\" data-widget_type=\"text-editor.default\">\n\t\t\t\t<div class=\"elementor-widget-container\">\n\t\t\t\t\t\t\t\t\t<p>Die Mitarbeiter des Technischen Dienstes haben eine eigene Werkstatt f\u00fcr die t\u00e4gliche Wartung des Maschinenparks und die Durchf\u00fchrung von Reparaturen.<\/p>\n\t\t\t\t\t\t\t\t<\/div>\n\t\t\t\t<\/div>\n\t\t\t\t\t<\/div>\n\t\t<\/div>\n\t\t\t\t\t<\/div>\n\t\t<\/section>\n\t\t\t\t<section class=\"elementor-section elementor-top-section elementor-element elementor-element-08d3ea6 elementor-section-boxed elementor-section-height-default elementor-section-height-default\" data-id=\"08d3ea6\" data-element_type=\"section\" data-e-type=\"section\">\n\t\t\t\t\t\t<div class=\"elementor-container elementor-column-gap-default\">\n\t\t\t\t\t<div class=\"elementor-column elementor-col-50 elementor-top-column elementor-element elementor-element-f975d4e\" data-id=\"f975d4e\" data-element_type=\"column\" data-e-type=\"column\">\n\t\t\t<div class=\"elementor-widget-wrap elementor-element-populated\">\n\t\t\t\t\t\t<div class=\"elementor-element elementor-element-a7f2ea2 elementor-widget elementor-widget-heading\" data-id=\"a7f2ea2\" data-element_type=\"widget\" data-e-type=\"widget\" data-widget_type=\"heading.default\">\n\t\t\t\t<div class=\"elementor-widget-container\">\n\t\t\t\t\t<h2 class=\"elementor-heading-title elementor-size-default\"> WARTUNGSPLANUNG<\/h2>\t\t\t\t<\/div>\n\t\t\t\t<\/div>\n\t\t\t\t<div class=\"elementor-element elementor-element-1cb1a6a elementor-widget-divider--view-line elementor-widget elementor-widget-divider\" data-id=\"1cb1a6a\" data-element_type=\"widget\" data-e-type=\"widget\" data-widget_type=\"divider.default\">\n\t\t\t\t<div class=\"elementor-widget-container\">\n\t\t\t\t\t\t\t<div class=\"elementor-divider\">\n\t\t\t<span class=\"elementor-divider-separator\">\n\t\t\t\t\t\t<\/span>\n\t\t<\/div>\n\t\t\t\t\t\t<\/div>\n\t\t\t\t<\/div>\n\t\t\t\t<div class=\"elementor-element elementor-element-370f612 elementor-widget elementor-widget-text-editor\" data-id=\"370f612\" data-element_type=\"widget\" data-e-type=\"widget\" data-widget_type=\"text-editor.default\">\n\t\t\t\t<div class=\"elementor-widget-container\">\n\t\t\t\t\t\t\t\t\t<p>Damit unser Maschinenpark in bester Verfassung bleibt, werden (pr\u00e4ventive) Wartungsma\u00dfnahmen durchgef\u00fchrt. Zur Unterst\u00fctzung der Mitarbeiter des Technischen Dienstes nutzen wir hierbei eine App, die wir in Eigenregie entwickelt haben. <\/p>\n\t\t\t\t\t\t\t\t<\/div>\n\t\t\t\t<\/div>\n\t\t\t\t\t<\/div>\n\t\t<\/div>\n\t\t\t\t<div class=\"elementor-column elementor-col-50 elementor-top-column elementor-element elementor-element-9a47294\" data-id=\"9a47294\" data-element_type=\"column\" data-e-type=\"column\">\n\t\t\t<div class=\"elementor-widget-wrap elementor-element-populated\">\n\t\t\t\t\t\t<div class=\"elementor-element elementor-element-cd2e136 elementor-widget elementor-widget-image\" data-id=\"cd2e136\" data-element_type=\"widget\" data-e-type=\"widget\" data-widget_type=\"image.default\">\n\t\t\t\t<div class=\"elementor-widget-container\">\n\t\t\t\t\t\t\t\t\t\t\t\t\t\t\t<img decoding=\"async\" width=\"600\" height=\"360\" src=\"https:\/\/vcnbv.nl\/wp-content\/uploads\/organisatie_technische-dienst_onderhoudsplanning.jpg\" class=\"attachment-full size-full wp-image-8132\" alt=\"\" srcset=\"https:\/\/vcnbv.nl\/wp-content\/uploads\/organisatie_technische-dienst_onderhoudsplanning.jpg 600w, https:\/\/vcnbv.nl\/wp-content\/uploads\/organisatie_technische-dienst_onderhoudsplanning-300x180.jpg 300w\" sizes=\"(max-width: 600px) 100vw, 600px\" \/>\t\t\t\t\t\t\t\t\t\t\t\t\t\t\t<\/div>\n\t\t\t\t<\/div>\n\t\t\t\t\t<\/div>\n\t\t<\/div>\n\t\t\t\t\t<\/div>\n\t\t<\/section>\n\t\t\t\t<\/div>\n\t\t","protected":false},"excerpt":{"rendered":"<p>TECHNISCHER DIENST Obwohl wir unseren Maschinenpark nat\u00fcrlich in Topform halten, lassen sich Produktionsstockungen nie ganz ausschlie\u00dfen. Um dadurch entstehende Lieferengp\u00e4sse zu vermeiden, geh\u00f6rt es zu unserer Gesch\u00e4ftspolitik, dass wir kritische Komponenten in Reserve halten. Au\u00dferdem haben wir von allen Produktionsmaschinentypen identische Exemplare, damit wir die Produktion im Notfall schnell auf einer anderen Maschine weiterlaufen lassen &#8230; <a title=\"Technischer Dienst\" class=\"read-more\" href=\"https:\/\/vcnbv.nl\/de\/organization\/technischer-dienst\/\" aria-label=\"Mehr Informationen \u00fcber Technischer Dienst\">Weiterlesen<\/a><\/p>\n","protected":false},"author":5,"featured_media":0,"parent":5689,"menu_order":23,"comment_status":"closed","ping_status":"closed","template":"elementor_header_footer","meta":{"footnotes":""},"class_list":["post-4346","page","type-page","status-publish"],"_links":{"self":[{"href":"https:\/\/vcnbv.nl\/de\/wp-json\/wp\/v2\/pages\/4346","targetHints":{"allow":["GET"]}}],"collection":[{"href":"https:\/\/vcnbv.nl\/de\/wp-json\/wp\/v2\/pages"}],"about":[{"href":"https:\/\/vcnbv.nl\/de\/wp-json\/wp\/v2\/types\/page"}],"author":[{"embeddable":true,"href":"https:\/\/vcnbv.nl\/de\/wp-json\/wp\/v2\/users\/5"}],"replies":[{"embeddable":true,"href":"https:\/\/vcnbv.nl\/de\/wp-json\/wp\/v2\/comments?post=4346"}],"version-history":[{"count":0,"href":"https:\/\/vcnbv.nl\/de\/wp-json\/wp\/v2\/pages\/4346\/revisions"}],"up":[{"embeddable":true,"href":"https:\/\/vcnbv.nl\/de\/wp-json\/wp\/v2\/pages\/5689"}],"wp:attachment":[{"href":"https:\/\/vcnbv.nl\/de\/wp-json\/wp\/v2\/media?parent=4346"}],"curies":[{"name":"wp","href":"https:\/\/api.w.org\/{rel}","templated":true}]}}