{"id":4404,"date":"2023-05-05T00:00:45","date_gmt":"2023-05-04T22:00:45","guid":{"rendered":"https:\/\/websitebijmeceda.nl\/vcn\/produkte\/"},"modified":"2023-05-18T13:29:41","modified_gmt":"2023-05-18T12:29:41","slug":"produkte","status":"publish","type":"page","link":"https:\/\/vcnbv.nl\/de\/produkte\/","title":{"rendered":"Produkte"},"content":{"rendered":"<h1>UNSER LEISTUNGSSPEKTRUM<br \/>\n<\/h1>\n<ul>\n<li>Aluminium, (rostfreier) Stahl, Kupfer, Messing, Bronze und andere zerspanbare Legierungen<\/li>\n<li>Durchmesser von \u00d82-100 mm<\/li>\n<li>Seriengr\u00f6\u00dfe von 1.000 bis 1.000.000<\/li>\n<li>Rahmenbestellungen mit Teillieferungsoption ab Lager<\/li>\n<li>Durchf\u00fchrung diverser Nachbearbeitungen<\/li>\n<li>Zusammenstellung von Halbfabrikaten und Endprodukten<\/li>\n<li>Verpackung und Lieferung nach Ihren W\u00fcnschen<\/li>\n<\/ul>\n<h2>MESSING<\/h2>\n<p>\t\t\t\t\t\t\t\t\t\t\t\t\t\t\t\t<a href=\"https:\/\/vcnbv.nl\/wp-content\/uploads\/producten_messing_1.jpg\" data-elementor-open-lightbox=\"yes\" data-elementor-lightbox-title=\"producten_messing_1\" data-e-action-hash=\"#elementor-action%3Aaction%3Dlightbox%26settings%3DeyJpZCI6ODMxNiwidXJsIjoiaHR0cHM6XC9cL3ZjbmJ2Lm5sXC93cC1jb250ZW50XC91cGxvYWRzXC9wcm9kdWN0ZW5fbWVzc2luZ18xLmpwZyJ9\"><br \/>\n\t\t\t\t\t\t\t<img loading=\"lazy\" decoding=\"async\" width=\"500\" height=\"450\" src=\"https:\/\/vcnbv.nl\/wp-content\/uploads\/producten_messing_1.jpg\" alt=\"\" loading=\"lazy\" srcset=\"https:\/\/vcnbv.nl\/wp-content\/uploads\/producten_messing_1.jpg 500w, https:\/\/vcnbv.nl\/wp-content\/uploads\/producten_messing_1-300x270.jpg 300w\" sizes=\"auto, (max-width: 500px) 100vw, 500px\" \/>\t\t\t\t\t\t\t\t<\/a><br \/>\n\t\t\t\t\t\t\t\t\t\t\t\t\t\t\t\t<a href=\"https:\/\/vcnbv.nl\/wp-content\/uploads\/producten_messing_2.jpg\" data-elementor-open-lightbox=\"yes\" data-elementor-lightbox-title=\"producten_messing_2\" data-e-action-hash=\"#elementor-action%3Aaction%3Dlightbox%26settings%3DeyJpZCI6ODMxOSwidXJsIjoiaHR0cHM6XC9cL3ZjbmJ2Lm5sXC93cC1jb250ZW50XC91cGxvYWRzXC9wcm9kdWN0ZW5fbWVzc2luZ18yLmpwZyJ9\"><br \/>\n\t\t\t\t\t\t\t<img loading=\"lazy\" decoding=\"async\" width=\"500\" height=\"450\" src=\"https:\/\/vcnbv.nl\/wp-content\/uploads\/producten_messing_2.jpg\" alt=\"\" loading=\"lazy\" srcset=\"https:\/\/vcnbv.nl\/wp-content\/uploads\/producten_messing_2.jpg 500w, https:\/\/vcnbv.nl\/wp-content\/uploads\/producten_messing_2-300x270.jpg 300w\" sizes=\"auto, (max-width: 500px) 100vw, 500px\" \/>\t\t\t\t\t\t\t\t<\/a><br \/>\n\t\t\t\t\t\t\t\t\t\t\t\t\t\t\t\t<a href=\"https:\/\/vcnbv.nl\/wp-content\/uploads\/producten_messing_3.jpg\" data-elementor-open-lightbox=\"yes\" data-elementor-lightbox-title=\"producten_messing_3\" data-e-action-hash=\"#elementor-action%3Aaction%3Dlightbox%26settings%3DeyJpZCI6ODMyMiwidXJsIjoiaHR0cHM6XC9cL3ZjbmJ2Lm5sXC93cC1jb250ZW50XC91cGxvYWRzXC9wcm9kdWN0ZW5fbWVzc2luZ18zLmpwZyJ9\"><br \/>\n\t\t\t\t\t\t\t<img loading=\"lazy\" decoding=\"async\" width=\"500\" height=\"450\" src=\"https:\/\/vcnbv.nl\/wp-content\/uploads\/producten_messing_3.jpg\" alt=\"\" loading=\"lazy\" srcset=\"https:\/\/vcnbv.nl\/wp-content\/uploads\/producten_messing_3.jpg 500w, https:\/\/vcnbv.nl\/wp-content\/uploads\/producten_messing_3-300x270.jpg 300w\" sizes=\"auto, (max-width: 500px) 100vw, 500px\" \/>\t\t\t\t\t\t\t\t<\/a><br \/>\n\t\t\t\t\t\t\t\t\t\t\t\t\t\t\t\t<a href=\"https:\/\/vcnbv.nl\/wp-content\/uploads\/producten_messing_4.jpg\" data-elementor-open-lightbox=\"yes\" data-elementor-lightbox-title=\"producten_messing_4\" data-e-action-hash=\"#elementor-action%3Aaction%3Dlightbox%26settings%3DeyJpZCI6ODMyNSwidXJsIjoiaHR0cHM6XC9cL3ZjbmJ2Lm5sXC93cC1jb250ZW50XC91cGxvYWRzXC9wcm9kdWN0ZW5fbWVzc2luZ180LmpwZyJ9\"><br \/>\n\t\t\t\t\t\t\t<img loading=\"lazy\" decoding=\"async\" width=\"500\" height=\"450\" src=\"https:\/\/vcnbv.nl\/wp-content\/uploads\/producten_messing_4.jpg\" alt=\"\" loading=\"lazy\" srcset=\"https:\/\/vcnbv.nl\/wp-content\/uploads\/producten_messing_4.jpg 500w, https:\/\/vcnbv.nl\/wp-content\/uploads\/producten_messing_4-300x270.jpg 300w\" sizes=\"auto, (max-width: 500px) 100vw, 500px\" \/>\t\t\t\t\t\t\t\t<\/a><\/p>\n<h2>ROSTFREIER STAHL<\/h2>\n<p>\t\t\t\t\t\t\t\t\t\t\t\t\t\t\t\t<a href=\"https:\/\/vcnbv.nl\/wp-content\/uploads\/producten_roestvast-staal_1.jpg\" data-elementor-open-lightbox=\"yes\" data-elementor-lightbox-title=\"producten_roestvast-staal_1\" data-e-action-hash=\"#elementor-action%3Aaction%3Dlightbox%26settings%3DeyJpZCI6ODMyOCwidXJsIjoiaHR0cHM6XC9cL3ZjbmJ2Lm5sXC93cC1jb250ZW50XC91cGxvYWRzXC9wcm9kdWN0ZW5fcm9lc3R2YXN0LXN0YWFsXzEuanBnIn0%3D\"><br \/>\n\t\t\t\t\t\t\t<img loading=\"lazy\" decoding=\"async\" width=\"500\" height=\"450\" src=\"https:\/\/vcnbv.nl\/wp-content\/uploads\/producten_roestvast-staal_1.jpg\" alt=\"\" loading=\"lazy\" srcset=\"https:\/\/vcnbv.nl\/wp-content\/uploads\/producten_roestvast-staal_1.jpg 500w, https:\/\/vcnbv.nl\/wp-content\/uploads\/producten_roestvast-staal_1-300x270.jpg 300w\" sizes=\"auto, (max-width: 500px) 100vw, 500px\" \/>\t\t\t\t\t\t\t\t<\/a><br \/>\n\t\t\t\t\t\t\t\t\t\t\t\t\t\t\t\t<a href=\"https:\/\/vcnbv.nl\/wp-content\/uploads\/producten_roestvast-staal_2.jpg\" data-elementor-open-lightbox=\"yes\" data-elementor-lightbox-title=\"producten_roestvast-staal_2\" data-e-action-hash=\"#elementor-action%3Aaction%3Dlightbox%26settings%3DeyJpZCI6ODMzMSwidXJsIjoiaHR0cHM6XC9cL3ZjbmJ2Lm5sXC93cC1jb250ZW50XC91cGxvYWRzXC9wcm9kdWN0ZW5fcm9lc3R2YXN0LXN0YWFsXzIuanBnIn0%3D\"><br \/>\n\t\t\t\t\t\t\t<img loading=\"lazy\" decoding=\"async\" width=\"500\" height=\"450\" src=\"https:\/\/vcnbv.nl\/wp-content\/uploads\/producten_roestvast-staal_2.jpg\" alt=\"\" loading=\"lazy\" srcset=\"https:\/\/vcnbv.nl\/wp-content\/uploads\/producten_roestvast-staal_2.jpg 500w, https:\/\/vcnbv.nl\/wp-content\/uploads\/producten_roestvast-staal_2-300x270.jpg 300w\" sizes=\"auto, (max-width: 500px) 100vw, 500px\" \/>\t\t\t\t\t\t\t\t<\/a><br \/>\n\t\t\t\t\t\t\t\t\t\t\t\t\t\t\t\t<a href=\"https:\/\/vcnbv.nl\/wp-content\/uploads\/producten_roestvast-staal_3.jpg\" data-elementor-open-lightbox=\"yes\" data-elementor-lightbox-title=\"producten_roestvast-staal_3\" data-e-action-hash=\"#elementor-action%3Aaction%3Dlightbox%26settings%3DeyJpZCI6ODMzNCwidXJsIjoiaHR0cHM6XC9cL3ZjbmJ2Lm5sXC93cC1jb250ZW50XC91cGxvYWRzXC9wcm9kdWN0ZW5fcm9lc3R2YXN0LXN0YWFsXzMuanBnIn0%3D\"><br \/>\n\t\t\t\t\t\t\t<img loading=\"lazy\" decoding=\"async\" width=\"500\" height=\"450\" src=\"https:\/\/vcnbv.nl\/wp-content\/uploads\/producten_roestvast-staal_3.jpg\" alt=\"\" loading=\"lazy\" srcset=\"https:\/\/vcnbv.nl\/wp-content\/uploads\/producten_roestvast-staal_3.jpg 500w, https:\/\/vcnbv.nl\/wp-content\/uploads\/producten_roestvast-staal_3-300x270.jpg 300w\" sizes=\"auto, (max-width: 500px) 100vw, 500px\" \/>\t\t\t\t\t\t\t\t<\/a><br \/>\n\t\t\t\t\t\t\t\t\t\t\t\t\t\t\t\t<a href=\"https:\/\/vcnbv.nl\/wp-content\/uploads\/producten_roestvast-staal_4.jpg\" data-elementor-open-lightbox=\"yes\" data-elementor-lightbox-title=\"producten_roestvast-staal_4\" data-e-action-hash=\"#elementor-action%3Aaction%3Dlightbox%26settings%3DeyJpZCI6ODMzNywidXJsIjoiaHR0cHM6XC9cL3ZjbmJ2Lm5sXC93cC1jb250ZW50XC91cGxvYWRzXC9wcm9kdWN0ZW5fcm9lc3R2YXN0LXN0YWFsXzQuanBnIn0%3D\"><br \/>\n\t\t\t\t\t\t\t<img loading=\"lazy\" decoding=\"async\" width=\"500\" height=\"450\" src=\"https:\/\/vcnbv.nl\/wp-content\/uploads\/producten_roestvast-staal_4.jpg\" alt=\"\" loading=\"lazy\" srcset=\"https:\/\/vcnbv.nl\/wp-content\/uploads\/producten_roestvast-staal_4.jpg 500w, https:\/\/vcnbv.nl\/wp-content\/uploads\/producten_roestvast-staal_4-300x270.jpg 300w\" sizes=\"auto, (max-width: 500px) 100vw, 500px\" \/>\t\t\t\t\t\t\t\t<\/a><\/p>\n<h2>ALUMINIUM<\/h2>\n<p>\t\t\t\t\t\t\t\t\t\t\t\t\t\t\t\t<a href=\"https:\/\/vcnbv.nl\/wp-content\/uploads\/producten_aluminium_1.jpg\" data-elementor-open-lightbox=\"yes\" data-elementor-lightbox-title=\"producten_aluminium_1\" data-e-action-hash=\"#elementor-action%3Aaction%3Dlightbox%26settings%3DeyJpZCI6ODMwNCwidXJsIjoiaHR0cHM6XC9cL3ZjbmJ2Lm5sXC93cC1jb250ZW50XC91cGxvYWRzXC9wcm9kdWN0ZW5fYWx1bWluaXVtXzEuanBnIn0%3D\"><br \/>\n\t\t\t\t\t\t\t<img loading=\"lazy\" decoding=\"async\" width=\"500\" height=\"450\" src=\"https:\/\/vcnbv.nl\/wp-content\/uploads\/producten_aluminium_1.jpg\" alt=\"\" loading=\"lazy\" srcset=\"https:\/\/vcnbv.nl\/wp-content\/uploads\/producten_aluminium_1.jpg 500w, https:\/\/vcnbv.nl\/wp-content\/uploads\/producten_aluminium_1-300x270.jpg 300w\" sizes=\"auto, (max-width: 500px) 100vw, 500px\" \/>\t\t\t\t\t\t\t\t<\/a><br \/>\n\t\t\t\t\t\t\t\t\t\t\t\t\t\t\t\t<a href=\"https:\/\/vcnbv.nl\/wp-content\/uploads\/producten_aluminium_2.jpg\" data-elementor-open-lightbox=\"yes\" data-elementor-lightbox-title=\"producten_aluminium_2\" data-e-action-hash=\"#elementor-action%3Aaction%3Dlightbox%26settings%3DeyJpZCI6ODMwNywidXJsIjoiaHR0cHM6XC9cL3ZjbmJ2Lm5sXC93cC1jb250ZW50XC91cGxvYWRzXC9wcm9kdWN0ZW5fYWx1bWluaXVtXzIuanBnIn0%3D\"><br \/>\n\t\t\t\t\t\t\t<img loading=\"lazy\" decoding=\"async\" width=\"500\" height=\"450\" src=\"https:\/\/vcnbv.nl\/wp-content\/uploads\/producten_aluminium_2.jpg\" alt=\"\" loading=\"lazy\" srcset=\"https:\/\/vcnbv.nl\/wp-content\/uploads\/producten_aluminium_2.jpg 500w, https:\/\/vcnbv.nl\/wp-content\/uploads\/producten_aluminium_2-300x270.jpg 300w\" sizes=\"auto, (max-width: 500px) 100vw, 500px\" \/>\t\t\t\t\t\t\t\t<\/a><br \/>\n\t\t\t\t\t\t\t\t\t\t\t\t\t\t\t\t<a href=\"https:\/\/vcnbv.nl\/wp-content\/uploads\/producten_aluminium_3.jpg\" data-elementor-open-lightbox=\"yes\" data-elementor-lightbox-title=\"producten_aluminium_3\" data-e-action-hash=\"#elementor-action%3Aaction%3Dlightbox%26settings%3DeyJpZCI6ODMxMCwidXJsIjoiaHR0cHM6XC9cL3ZjbmJ2Lm5sXC93cC1jb250ZW50XC91cGxvYWRzXC9wcm9kdWN0ZW5fYWx1bWluaXVtXzMuanBnIn0%3D\"><br \/>\n\t\t\t\t\t\t\t<img loading=\"lazy\" decoding=\"async\" width=\"500\" height=\"450\" src=\"https:\/\/vcnbv.nl\/wp-content\/uploads\/producten_aluminium_3.jpg\" alt=\"\" loading=\"lazy\" srcset=\"https:\/\/vcnbv.nl\/wp-content\/uploads\/producten_aluminium_3.jpg 500w, https:\/\/vcnbv.nl\/wp-content\/uploads\/producten_aluminium_3-300x270.jpg 300w\" sizes=\"auto, (max-width: 500px) 100vw, 500px\" \/>\t\t\t\t\t\t\t\t<\/a><br \/>\n\t\t\t\t\t\t\t\t\t\t\t\t\t\t\t\t<a href=\"https:\/\/vcnbv.nl\/wp-content\/uploads\/producten_aluminium_4.jpg\" data-elementor-open-lightbox=\"yes\" data-elementor-lightbox-title=\"producten_aluminium_4\" data-e-action-hash=\"#elementor-action%3Aaction%3Dlightbox%26settings%3DeyJpZCI6ODMxMywidXJsIjoiaHR0cHM6XC9cL3ZjbmJ2Lm5sXC93cC1jb250ZW50XC91cGxvYWRzXC9wcm9kdWN0ZW5fYWx1bWluaXVtXzQuanBnIn0%3D\"><br \/>\n\t\t\t\t\t\t\t<img loading=\"lazy\" decoding=\"async\" width=\"500\" height=\"450\" src=\"https:\/\/vcnbv.nl\/wp-content\/uploads\/producten_aluminium_4.jpg\" alt=\"\" loading=\"lazy\" srcset=\"https:\/\/vcnbv.nl\/wp-content\/uploads\/producten_aluminium_4.jpg 500w, https:\/\/vcnbv.nl\/wp-content\/uploads\/producten_aluminium_4-300x270.jpg 300w\" sizes=\"auto, (max-width: 500px) 100vw, 500px\" \/>\t\t\t\t\t\t\t\t<\/a><\/p>\n<h2>STAHL<\/h2>\n<p>\t\t\t\t\t\t\t\t\t\t\t\t\t\t\t\t<a href=\"https:\/\/vcnbv.nl\/wp-content\/uploads\/producten_staal_1.jpg\" data-elementor-open-lightbox=\"yes\" data-elementor-lightbox-title=\"producten_staal_1\" data-e-action-hash=\"#elementor-action%3Aaction%3Dlightbox%26settings%3DeyJpZCI6ODM0MCwidXJsIjoiaHR0cHM6XC9cL3ZjbmJ2Lm5sXC93cC1jb250ZW50XC91cGxvYWRzXC9wcm9kdWN0ZW5fc3RhYWxfMS5qcGcifQ%3D%3D\"><br \/>\n\t\t\t\t\t\t\t<img loading=\"lazy\" decoding=\"async\" width=\"500\" height=\"450\" src=\"https:\/\/vcnbv.nl\/wp-content\/uploads\/producten_staal_1.jpg\" alt=\"\" loading=\"lazy\" srcset=\"https:\/\/vcnbv.nl\/wp-content\/uploads\/producten_staal_1.jpg 500w, https:\/\/vcnbv.nl\/wp-content\/uploads\/producten_staal_1-300x270.jpg 300w\" sizes=\"auto, (max-width: 500px) 100vw, 500px\" \/>\t\t\t\t\t\t\t\t<\/a><br \/>\n\t\t\t\t\t\t\t\t\t\t\t\t\t\t\t\t<a href=\"https:\/\/vcnbv.nl\/wp-content\/uploads\/producten_staal_2.jpg\" data-elementor-open-lightbox=\"yes\" data-elementor-lightbox-title=\"producten_staal_2\" data-e-action-hash=\"#elementor-action%3Aaction%3Dlightbox%26settings%3DeyJpZCI6ODM0MywidXJsIjoiaHR0cHM6XC9cL3ZjbmJ2Lm5sXC93cC1jb250ZW50XC91cGxvYWRzXC9wcm9kdWN0ZW5fc3RhYWxfMi5qcGcifQ%3D%3D\"><br \/>\n\t\t\t\t\t\t\t<img loading=\"lazy\" decoding=\"async\" width=\"500\" height=\"450\" src=\"https:\/\/vcnbv.nl\/wp-content\/uploads\/producten_staal_2.jpg\" alt=\"\" loading=\"lazy\" srcset=\"https:\/\/vcnbv.nl\/wp-content\/uploads\/producten_staal_2.jpg 500w, https:\/\/vcnbv.nl\/wp-content\/uploads\/producten_staal_2-300x270.jpg 300w\" sizes=\"auto, (max-width: 500px) 100vw, 500px\" \/>\t\t\t\t\t\t\t\t<\/a><br \/>\n\t\t\t\t\t\t\t\t\t\t\t\t\t\t\t\t<a href=\"https:\/\/vcnbv.nl\/wp-content\/uploads\/producten_staal_3.jpg\" data-elementor-open-lightbox=\"yes\" data-elementor-lightbox-title=\"producten_staal_3\" data-e-action-hash=\"#elementor-action%3Aaction%3Dlightbox%26settings%3DeyJpZCI6ODM0NiwidXJsIjoiaHR0cHM6XC9cL3ZjbmJ2Lm5sXC93cC1jb250ZW50XC91cGxvYWRzXC9wcm9kdWN0ZW5fc3RhYWxfMy5qcGcifQ%3D%3D\"><br \/>\n\t\t\t\t\t\t\t<img loading=\"lazy\" decoding=\"async\" width=\"500\" height=\"450\" src=\"https:\/\/vcnbv.nl\/wp-content\/uploads\/producten_staal_3.jpg\" alt=\"\" loading=\"lazy\" srcset=\"https:\/\/vcnbv.nl\/wp-content\/uploads\/producten_staal_3.jpg 500w, https:\/\/vcnbv.nl\/wp-content\/uploads\/producten_staal_3-300x270.jpg 300w\" sizes=\"auto, (max-width: 500px) 100vw, 500px\" \/>\t\t\t\t\t\t\t\t<\/a><br \/>\n\t\t\t\t\t\t\t\t\t\t\t\t\t\t\t\t<a href=\"https:\/\/vcnbv.nl\/wp-content\/uploads\/producten_staal_4.jpg\" data-elementor-open-lightbox=\"yes\" data-elementor-lightbox-title=\"producten_staal_4\" data-e-action-hash=\"#elementor-action%3Aaction%3Dlightbox%26settings%3DeyJpZCI6ODM0OSwidXJsIjoiaHR0cHM6XC9cL3ZjbmJ2Lm5sXC93cC1jb250ZW50XC91cGxvYWRzXC9wcm9kdWN0ZW5fc3RhYWxfNC5qcGcifQ%3D%3D\"><br \/>\n\t\t\t\t\t\t\t<img loading=\"lazy\" decoding=\"async\" width=\"500\" height=\"450\" src=\"https:\/\/vcnbv.nl\/wp-content\/uploads\/producten_staal_4.jpg\" alt=\"\" loading=\"lazy\" srcset=\"https:\/\/vcnbv.nl\/wp-content\/uploads\/producten_staal_4.jpg 500w, https:\/\/vcnbv.nl\/wp-content\/uploads\/producten_staal_4-300x270.jpg 300w\" sizes=\"auto, (max-width: 500px) 100vw, 500px\" \/>\t\t\t\t\t\t\t\t<\/a><\/p>\n","protected":false},"excerpt":{"rendered":"<p>UNSER LEISTUNGSSPEKTRUM Aluminium, (rostfreier) Stahl, Kupfer, Messing, Bronze und andere zerspanbare Legierungen Durchmesser von \u00d82-100 mm Seriengr\u00f6\u00dfe von 1.000 bis 1.000.000 Rahmenbestellungen mit Teillieferungsoption ab Lager Durchf\u00fchrung diverser Nachbearbeitungen Zusammenstellung von Halbfabrikaten und Endprodukten Verpackung und Lieferung nach Ihren W\u00fcnschen MESSING ROSTFREIER STAHL ALUMINIUM STAHL<\/p>\n","protected":false},"author":5,"featured_media":0,"parent":0,"menu_order":30,"comment_status":"closed","ping_status":"closed","template":"elementor_header_footer","meta":{"footnotes":""},"class_list":["post-4404","page","type-page","status-publish"],"_links":{"self":[{"href":"https:\/\/vcnbv.nl\/de\/wp-json\/wp\/v2\/pages\/4404","targetHints":{"allow":["GET"]}}],"collection":[{"href":"https:\/\/vcnbv.nl\/de\/wp-json\/wp\/v2\/pages"}],"about":[{"href":"https:\/\/vcnbv.nl\/de\/wp-json\/wp\/v2\/types\/page"}],"author":[{"embeddable":true,"href":"https:\/\/vcnbv.nl\/de\/wp-json\/wp\/v2\/users\/5"}],"replies":[{"embeddable":true,"href":"https:\/\/vcnbv.nl\/de\/wp-json\/wp\/v2\/comments?post=4404"}],"version-history":[{"count":0,"href":"https:\/\/vcnbv.nl\/de\/wp-json\/wp\/v2\/pages\/4404\/revisions"}],"wp:attachment":[{"href":"https:\/\/vcnbv.nl\/de\/wp-json\/wp\/v2\/media?parent=4404"}],"curies":[{"name":"wp","href":"https:\/\/api.w.org\/{rel}","templated":true}]}}