{"id":4411,"date":"2023-05-05T00:00:55","date_gmt":"2023-05-04T22:00:55","guid":{"rendered":"https:\/\/websitebijmeceda.nl\/vcn\/ueber-uns\/"},"modified":"2025-09-12T20:55:07","modified_gmt":"2025-09-12T18:55:07","slug":"ueber-uns","status":"publish","type":"page","link":"https:\/\/vcnbv.nl\/de\/ueber-uns\/","title":{"rendered":"\u00dcber uns"},"content":{"rendered":"\t\t<div data-elementor-type=\"wp-page\" data-elementor-id=\"4411\" class=\"elementor elementor-4411 elementor-1508\" data-elementor-post-type=\"page\">\n\t\t\t\t\t\t<section class=\"elementor-section elementor-top-section elementor-element elementor-element-8c8d36a elementor-section-boxed elementor-section-height-default elementor-section-height-default\" data-id=\"8c8d36a\" data-element_type=\"section\" data-e-type=\"section\">\n\t\t\t\t\t\t<div class=\"elementor-container elementor-column-gap-default\">\n\t\t\t\t\t<div class=\"elementor-column elementor-col-50 elementor-top-column elementor-element elementor-element-7ce8301\" data-id=\"7ce8301\" data-element_type=\"column\" data-e-type=\"column\">\n\t\t\t<div class=\"elementor-widget-wrap elementor-element-populated\">\n\t\t\t\t\t\t<div class=\"elementor-element elementor-element-c4fe31b elementor-widget elementor-widget-heading\" data-id=\"c4fe31b\" data-element_type=\"widget\" data-e-type=\"widget\" data-widget_type=\"heading.default\">\n\t\t\t\t<div class=\"elementor-widget-container\">\n\t\t\t\t\t<h1 class=\"elementor-heading-title elementor-size-default\">\u00dcBER UNS<\/h1>\t\t\t\t<\/div>\n\t\t\t\t<\/div>\n\t\t\t\t<div class=\"elementor-element elementor-element-a7f8264 elementor-widget-divider--view-line elementor-widget elementor-widget-divider\" data-id=\"a7f8264\" data-element_type=\"widget\" data-e-type=\"widget\" data-widget_type=\"divider.default\">\n\t\t\t\t<div class=\"elementor-widget-container\">\n\t\t\t\t\t\t\t<div class=\"elementor-divider\">\n\t\t\t<span class=\"elementor-divider-separator\">\n\t\t\t\t\t\t<\/span>\n\t\t<\/div>\n\t\t\t\t\t\t<\/div>\n\t\t\t\t<\/div>\n\t\t\t\t<div class=\"elementor-element elementor-element-b70dcc5 elementor-widget elementor-widget-text-editor\" data-id=\"b70dcc5\" data-element_type=\"widget\" data-e-type=\"widget\" data-widget_type=\"text-editor.default\">\n\t\t\t\t<div class=\"elementor-widget-container\">\n\t\t\t\t\t\t\t\t\t<p>Wir konzentrieren uns seit 1990 voll und ganz auf die Zerspanung verschiedener (Nicht-)Eisenmetalle und haben uns zu einem echten Spezialisten auf diesem Gebiet entwickelt. Unsere Produktpalette reicht von einfachen bis hin zu komplexen Artikeln mit geringsten Toleranzen f\u00fcr Anwendungen jeder Art. Der Nachdruck liegt bei Serien ab 1.000 St\u00fcck. Wir k\u00f6nnen aber auch komplexe Teile in kleineren Serien sowie Nullserien zu wettbewerbsf\u00e4higen Preisen anbieten.   <\/p><br><p>Mit unserem Team an erfahrenen und gut geschulten Mitarbeitern verb\u00fcrgen wir uns f\u00fcr Qualit\u00e4t ohne Abstriche. Unser starkes Unternehmen ist flexibel, effizient und zuverl\u00e4ssig, wodurch wir Ihnen hochwertige Produkte zu wettbewerbsf\u00e4higen Preisen anbieten k\u00f6nnen. Wenn Sie mit uns ins Gesch\u00e4ft kommen, k\u00f6nnen Sie sich darauf verlassen, dass wir Absprachen strikt einhalten. Kurz und gut, mit VCN k\u00f6nnen Sie Ihre Produktionsschwierigkeiten minimieren und dadurch Ihre Herstellkosten senken.   <\/p>\t\t\t\t\t\t\t\t<\/div>\n\t\t\t\t<\/div>\n\t\t\t\t\t<\/div>\n\t\t<\/div>\n\t\t\t\t<div class=\"elementor-column elementor-col-50 elementor-top-column elementor-element elementor-element-3bfb923\" data-id=\"3bfb923\" data-element_type=\"column\" data-e-type=\"column\">\n\t\t\t<div class=\"elementor-widget-wrap elementor-element-populated\">\n\t\t\t\t\t\t<div class=\"elementor-element elementor-element-7931375 elementor-widget elementor-widget-video\" data-id=\"7931375\" data-element_type=\"widget\" data-e-type=\"widget\" data-settings=\"{&quot;youtube_url&quot;:&quot;https:\\\/\\\/youtu.be\\\/yiYQcyt1RTM&quot;,&quot;video_type&quot;:&quot;youtube&quot;,&quot;controls&quot;:&quot;yes&quot;}\" data-widget_type=\"video.default\">\n\t\t\t\t<div class=\"elementor-widget-container\">\n\t\t\t\t\t\t\t<div class=\"elementor-wrapper elementor-open-inline\">\n\t\t\t<div class=\"elementor-video\"><\/div>\t\t<\/div>\n\t\t\t\t\t\t<\/div>\n\t\t\t\t<\/div>\n\t\t\t\t\t<\/div>\n\t\t<\/div>\n\t\t\t\t\t<\/div>\n\t\t<\/section>\n\t\t\t\t<section class=\"elementor-section elementor-top-section elementor-element elementor-element-0255863 elementor-section-boxed elementor-section-height-default elementor-section-height-default\" data-id=\"0255863\" data-element_type=\"section\" data-e-type=\"section\">\n\t\t\t\t\t\t<div class=\"elementor-container elementor-column-gap-default\">\n\t\t\t\t\t<div class=\"elementor-column elementor-col-50 elementor-top-column elementor-element elementor-element-d397194\" data-id=\"d397194\" data-element_type=\"column\" data-e-type=\"column\">\n\t\t\t<div class=\"elementor-widget-wrap elementor-element-populated\">\n\t\t\t\t\t\t<div class=\"elementor-element elementor-element-8024308 elementor-widget elementor-widget-heading\" data-id=\"8024308\" data-element_type=\"widget\" data-e-type=\"widget\" data-widget_type=\"heading.default\">\n\t\t\t\t<div class=\"elementor-widget-container\">\n\t\t\t\t\t<h2 class=\"elementor-heading-title elementor-size-default\">UNSER LEISTUNGSSPEKTRUM<\/h2>\t\t\t\t<\/div>\n\t\t\t\t<\/div>\n\t\t\t\t<div class=\"elementor-element elementor-element-222d2de elementor-widget-divider--view-line elementor-widget elementor-widget-divider\" data-id=\"222d2de\" data-element_type=\"widget\" data-e-type=\"widget\" data-widget_type=\"divider.default\">\n\t\t\t\t<div class=\"elementor-widget-container\">\n\t\t\t\t\t\t\t<div class=\"elementor-divider\">\n\t\t\t<span class=\"elementor-divider-separator\">\n\t\t\t\t\t\t<\/span>\n\t\t<\/div>\n\t\t\t\t\t\t<\/div>\n\t\t\t\t<\/div>\n\t\t\t\t<div class=\"elementor-element elementor-element-a3ed0bd elementor-widget elementor-widget-text-editor\" data-id=\"a3ed0bd\" data-element_type=\"widget\" data-e-type=\"widget\" data-widget_type=\"text-editor.default\">\n\t\t\t\t<div class=\"elementor-widget-container\">\n\t\t\t\t\t\t\t\t\t<ul>\n<li>Aluminium, (rostfreier) Stahl, Kupfer, Messing, Bronze und andere zerspanbare Legierungen<\/li>\n<li>Durchmesser von \u00d82-100 mm<\/li>\n<li>Seriengr\u00f6\u00dfe von 1.000 bis 1.000.000<\/li>\n<li>Rahmenbestellungen mit Teillieferungsoption ab Lager<\/li>\n<li>Durchf\u00fchrung diverser Nachbearbeitungen<\/li>\n<li>Zusammenstellung von Halbfabrikaten und Endprodukten<\/li>\n<li>Verpackung und Lieferung nach Ihren W\u00fcnschen<\/li>\n<\/ul>\n\t\t\t\t\t\t\t\t<\/div>\n\t\t\t\t<\/div>\n\t\t\t\t\t<\/div>\n\t\t<\/div>\n\t\t\t\t<div class=\"elementor-column elementor-col-50 elementor-top-column elementor-element elementor-element-eba1633\" data-id=\"eba1633\" data-element_type=\"column\" data-e-type=\"column\">\n\t\t\t<div class=\"elementor-widget-wrap elementor-element-populated\">\n\t\t\t\t\t\t<div class=\"elementor-element elementor-element-ba11284 elementor-widget elementor-widget-heading\" data-id=\"ba11284\" data-element_type=\"widget\" data-e-type=\"widget\" data-widget_type=\"heading.default\">\n\t\t\t\t<div class=\"elementor-widget-container\">\n\t\t\t\t\t<h2 class=\"elementor-heading-title elementor-size-default\">KERNWERTE<\/h2>\t\t\t\t<\/div>\n\t\t\t\t<\/div>\n\t\t\t\t<div class=\"elementor-element elementor-element-ccbb36f elementor-widget-divider--view-line elementor-widget elementor-widget-divider\" data-id=\"ccbb36f\" data-element_type=\"widget\" data-e-type=\"widget\" data-widget_type=\"divider.default\">\n\t\t\t\t<div class=\"elementor-widget-container\">\n\t\t\t\t\t\t\t<div class=\"elementor-divider\">\n\t\t\t<span class=\"elementor-divider-separator\">\n\t\t\t\t\t\t<\/span>\n\t\t<\/div>\n\t\t\t\t\t\t<\/div>\n\t\t\t\t<\/div>\n\t\t\t\t<div class=\"elementor-element elementor-element-752dfe0 elementor-widget elementor-widget-text-editor\" data-id=\"752dfe0\" data-element_type=\"widget\" data-e-type=\"widget\" data-widget_type=\"text-editor.default\">\n\t\t\t\t<div class=\"elementor-widget-container\">\n\t\t\t\t\t\t\t\t\t<ul>\n<li>Familienunternehmen<\/li>\n<li>Zuverl\u00e4sslichkeit und Qualit\u00e4t<\/li>\n<li>Klare und unkomplizierte Kommunikation<\/li>\n<li>Corporate Social Responsibility<\/li>\n<li>Umweltbewusst<\/li>\n<\/ul>\n\t\t\t\t\t\t\t\t<\/div>\n\t\t\t\t<\/div>\n\t\t\t\t\t<\/div>\n\t\t<\/div>\n\t\t\t\t\t<\/div>\n\t\t<\/section>\n\t\t\t\t<\/div>\n\t\t","protected":false},"excerpt":{"rendered":"<p>\u00dcBER UNS Wir konzentrieren uns seit 1990 voll und ganz auf die Zerspanung verschiedener (Nicht-)Eisenmetalle und haben uns zu einem echten Spezialisten auf diesem Gebiet entwickelt. Unsere Produktpalette reicht von einfachen bis hin zu komplexen Artikeln mit geringsten Toleranzen f\u00fcr Anwendungen jeder Art. Der Nachdruck liegt bei Serien ab 1.000 St\u00fcck. Wir k\u00f6nnen aber auch &#8230; <a title=\"\u00dcber uns\" class=\"read-more\" href=\"https:\/\/vcnbv.nl\/de\/ueber-uns\/\" aria-label=\"Mehr Informationen \u00fcber \u00dcber uns\">Weiterlesen<\/a><\/p>\n","protected":false},"author":5,"featured_media":0,"parent":0,"menu_order":90,"comment_status":"closed","ping_status":"closed","template":"elementor_header_footer","meta":{"footnotes":""},"class_list":["post-4411","page","type-page","status-publish"],"_links":{"self":[{"href":"https:\/\/vcnbv.nl\/de\/wp-json\/wp\/v2\/pages\/4411","targetHints":{"allow":["GET"]}}],"collection":[{"href":"https:\/\/vcnbv.nl\/de\/wp-json\/wp\/v2\/pages"}],"about":[{"href":"https:\/\/vcnbv.nl\/de\/wp-json\/wp\/v2\/types\/page"}],"author":[{"embeddable":true,"href":"https:\/\/vcnbv.nl\/de\/wp-json\/wp\/v2\/users\/5"}],"replies":[{"embeddable":true,"href":"https:\/\/vcnbv.nl\/de\/wp-json\/wp\/v2\/comments?post=4411"}],"version-history":[{"count":2,"href":"https:\/\/vcnbv.nl\/de\/wp-json\/wp\/v2\/pages\/4411\/revisions"}],"predecessor-version":[{"id":11213,"href":"https:\/\/vcnbv.nl\/de\/wp-json\/wp\/v2\/pages\/4411\/revisions\/11213"}],"wp:attachment":[{"href":"https:\/\/vcnbv.nl\/de\/wp-json\/wp\/v2\/media?parent=4411"}],"curies":[{"name":"wp","href":"https:\/\/api.w.org\/{rel}","templated":true}]}}