{"id":4433,"date":"2023-05-05T00:00:40","date_gmt":"2023-05-04T22:00:40","guid":{"rendered":"https:\/\/websitebijmeceda.nl\/vcn\/csr\/"},"modified":"2023-05-18T20:18:24","modified_gmt":"2023-05-18T18:18:24","slug":"csr","status":"publish","type":"page","link":"https:\/\/vcnbv.nl\/de\/organization\/csr\/","title":{"rendered":"CSR"},"content":{"rendered":"\t\t<div data-elementor-type=\"wp-page\" data-elementor-id=\"4433\" class=\"elementor elementor-4433 elementor-1474\" data-elementor-post-type=\"page\">\n\t\t\t\t\t\t<section class=\"elementor-section elementor-top-section elementor-element elementor-element-8c8d36a elementor-section-boxed elementor-section-height-default elementor-section-height-default\" data-id=\"8c8d36a\" data-element_type=\"section\" data-e-type=\"section\">\n\t\t\t\t\t\t<div class=\"elementor-container elementor-column-gap-default\">\n\t\t\t\t\t<div class=\"elementor-column elementor-col-50 elementor-top-column elementor-element elementor-element-7ce8301\" data-id=\"7ce8301\" data-element_type=\"column\" data-e-type=\"column\">\n\t\t\t<div class=\"elementor-widget-wrap elementor-element-populated\">\n\t\t\t\t\t\t<div class=\"elementor-element elementor-element-c4fe31b elementor-widget elementor-widget-heading\" data-id=\"c4fe31b\" data-element_type=\"widget\" data-e-type=\"widget\" data-widget_type=\"heading.default\">\n\t\t\t\t<div class=\"elementor-widget-container\">\n\t\t\t\t\t<h1 class=\"elementor-heading-title elementor-size-default\">UMWELTSCHUTZ<\/h1>\t\t\t\t<\/div>\n\t\t\t\t<\/div>\n\t\t\t\t<div class=\"elementor-element elementor-element-a7f8264 elementor-widget-divider--view-line elementor-widget elementor-widget-divider\" data-id=\"a7f8264\" data-element_type=\"widget\" data-e-type=\"widget\" data-widget_type=\"divider.default\">\n\t\t\t\t<div class=\"elementor-widget-container\">\n\t\t\t\t\t\t\t<div class=\"elementor-divider\">\n\t\t\t<span class=\"elementor-divider-separator\">\n\t\t\t\t\t\t<\/span>\n\t\t<\/div>\n\t\t\t\t\t\t<\/div>\n\t\t\t\t<\/div>\n\t\t\t\t<div class=\"elementor-element elementor-element-b70dcc5 elementor-widget elementor-widget-text-editor\" data-id=\"b70dcc5\" data-element_type=\"widget\" data-e-type=\"widget\" data-widget_type=\"text-editor.default\">\n\t\t\t\t<div class=\"elementor-widget-container\">\n\t\t\t\t\t\t\t\t\t<p>Es ist unser Grundsatz, alles, was unserer Umwelt schaden k\u00f6nnte, mit Vorsicht zu behandeln. Daher werden Abfallstoffe so weit wie m\u00f6glich vermieden und intern wiederverwendet, wo immer dies m\u00f6glich ist. Wir haben zum Beispiel zwei Sp\u00e4nebrecher, die Fl\u00fcssigkeiten von den Sp\u00e4nen trennen. Wir k\u00f6nnen diese Fl\u00fcssigkeiten wiederverwenden. Das deckt die Kosten und sorgt daf\u00fcr, dass die Sp\u00e4ne so sauber wie m\u00f6glich recycelt werden k\u00f6nnen. Wir sammeln Abf\u00e4lle, die nicht wiederverwendet werden k\u00f6nnen, getrennt. Auf diese Weise erreichen wir, dass \u00fcber 99 % unserer Abf\u00e4lle recycelt werden. Dar\u00fcber hinaus sind unsere Maschinen mit intelligenten Systemen ausgestattet, um den Energieverbrauch so effizient wie m\u00f6glich zu gestalten.       <\/p>\n\t\t\t\t\t\t\t\t<\/div>\n\t\t\t\t<\/div>\n\t\t\t\t\t<\/div>\n\t\t<\/div>\n\t\t\t\t<div class=\"elementor-column elementor-col-50 elementor-top-column elementor-element elementor-element-3bfb923\" data-id=\"3bfb923\" data-element_type=\"column\" data-e-type=\"column\">\n\t\t\t<div class=\"elementor-widget-wrap elementor-element-populated\">\n\t\t\t\t\t\t<div class=\"elementor-element elementor-element-7623c62 elementor-widget elementor-widget-image\" data-id=\"7623c62\" data-element_type=\"widget\" data-e-type=\"widget\" data-widget_type=\"image.default\">\n\t\t\t\t<div class=\"elementor-widget-container\">\n\t\t\t\t\t\t\t\t\t\t\t\t\t\t\t<img fetchpriority=\"high\" decoding=\"async\" width=\"600\" height=\"360\" src=\"https:\/\/vcnbv.nl\/wp-content\/uploads\/organisatie_mvo_milieu.jpg\" class=\"attachment-full size-full wp-image-8117\" alt=\"\" srcset=\"https:\/\/vcnbv.nl\/wp-content\/uploads\/organisatie_mvo_milieu.jpg 600w, https:\/\/vcnbv.nl\/wp-content\/uploads\/organisatie_mvo_milieu-300x180.jpg 300w\" sizes=\"(max-width: 600px) 100vw, 600px\" \/>\t\t\t\t\t\t\t\t\t\t\t\t\t\t\t<\/div>\n\t\t\t\t<\/div>\n\t\t\t\t\t<\/div>\n\t\t<\/div>\n\t\t\t\t\t<\/div>\n\t\t<\/section>\n\t\t\t\t<\/div>\n\t\t","protected":false},"excerpt":{"rendered":"<p>UMWELTSCHUTZ Es ist unser Grundsatz, alles, was unserer Umwelt schaden k\u00f6nnte, mit Vorsicht zu behandeln. Daher werden Abfallstoffe so weit wie m\u00f6glich vermieden und intern wiederverwendet, wo immer dies m\u00f6glich ist. Wir haben zum Beispiel zwei Sp\u00e4nebrecher, die Fl\u00fcssigkeiten von den Sp\u00e4nen trennen. Wir k\u00f6nnen diese Fl\u00fcssigkeiten wiederverwenden. Das deckt die Kosten und sorgt daf\u00fcr, &#8230; <a title=\"CSR\" class=\"read-more\" href=\"https:\/\/vcnbv.nl\/de\/organization\/csr\/\" aria-label=\"Mehr Informationen \u00fcber CSR\">Weiterlesen<\/a><\/p>\n","protected":false},"author":5,"featured_media":0,"parent":5689,"menu_order":24,"comment_status":"closed","ping_status":"closed","template":"elementor_header_footer","meta":{"footnotes":""},"class_list":["post-4433","page","type-page","status-publish"],"_links":{"self":[{"href":"https:\/\/vcnbv.nl\/de\/wp-json\/wp\/v2\/pages\/4433","targetHints":{"allow":["GET"]}}],"collection":[{"href":"https:\/\/vcnbv.nl\/de\/wp-json\/wp\/v2\/pages"}],"about":[{"href":"https:\/\/vcnbv.nl\/de\/wp-json\/wp\/v2\/types\/page"}],"author":[{"embeddable":true,"href":"https:\/\/vcnbv.nl\/de\/wp-json\/wp\/v2\/users\/5"}],"replies":[{"embeddable":true,"href":"https:\/\/vcnbv.nl\/de\/wp-json\/wp\/v2\/comments?post=4433"}],"version-history":[{"count":0,"href":"https:\/\/vcnbv.nl\/de\/wp-json\/wp\/v2\/pages\/4433\/revisions"}],"up":[{"embeddable":true,"href":"https:\/\/vcnbv.nl\/de\/wp-json\/wp\/v2\/pages\/5689"}],"wp:attachment":[{"href":"https:\/\/vcnbv.nl\/de\/wp-json\/wp\/v2\/media?parent=4433"}],"curies":[{"name":"wp","href":"https:\/\/api.w.org\/{rel}","templated":true}]}}