{"id":4435,"date":"2023-05-05T00:00:56","date_gmt":"2023-05-04T23:00:56","guid":{"rendered":"https:\/\/websitebijmeceda.nl\/vcn\/maschinenpark\/"},"modified":"2023-05-18T13:28:26","modified_gmt":"2023-05-18T12:28:26","slug":"maschinenpark","status":"publish","type":"page","link":"https:\/\/vcnbv.nl\/de\/organization\/maschinenpark\/","title":{"rendered":"Maschinenpark"},"content":{"rendered":"\t\t<div data-elementor-type=\"wp-page\" data-elementor-id=\"4435\" class=\"elementor elementor-4435 elementor-1431\" data-elementor-post-type=\"page\">\n\t\t\t\t\t\t<section class=\"elementor-section elementor-top-section elementor-element elementor-element-8c8d36a elementor-section-boxed elementor-section-height-default elementor-section-height-default\" data-id=\"8c8d36a\" data-element_type=\"section\" data-e-type=\"section\">\n\t\t\t\t\t\t<div class=\"elementor-container elementor-column-gap-default\">\n\t\t\t\t\t<div class=\"elementor-column elementor-col-50 elementor-top-column elementor-element elementor-element-7ce8301\" data-id=\"7ce8301\" data-element_type=\"column\" data-e-type=\"column\">\n\t\t\t<div class=\"elementor-widget-wrap elementor-element-populated\">\n\t\t\t\t\t\t<div class=\"elementor-element elementor-element-c4fe31b elementor-widget elementor-widget-heading\" data-id=\"c4fe31b\" data-element_type=\"widget\" data-e-type=\"widget\" data-widget_type=\"heading.default\">\n\t\t\t\t<div class=\"elementor-widget-container\">\n\t\t\t\t\t<h1 class=\"elementor-heading-title elementor-size-default\">MASCHINENPARK<\/h1>\t\t\t\t<\/div>\n\t\t\t\t<\/div>\n\t\t\t\t<div class=\"elementor-element elementor-element-a7f8264 elementor-widget-divider--view-line elementor-widget elementor-widget-divider\" data-id=\"a7f8264\" data-element_type=\"widget\" data-e-type=\"widget\" data-widget_type=\"divider.default\">\n\t\t\t\t<div class=\"elementor-widget-container\">\n\t\t\t\t\t\t\t<div class=\"elementor-divider\">\n\t\t\t<span class=\"elementor-divider-separator\">\n\t\t\t\t\t\t<\/span>\n\t\t<\/div>\n\t\t\t\t\t\t<\/div>\n\t\t\t\t<\/div>\n\t\t\t\t<div class=\"elementor-element elementor-element-b70dcc5 elementor-widget elementor-widget-text-editor\" data-id=\"b70dcc5\" data-element_type=\"widget\" data-e-type=\"widget\" data-widget_type=\"text-editor.default\">\n\t\t\t\t<div class=\"elementor-widget-container\">\n\t\t\t\t\t\t\t\t\t<p>Mit unserem Maschinenpark mit CNC-Kurz- und Langdrehmaschinen aus Deutschland (Index) und der Schweiz (Tornos) verf\u00fcgen wir \u00fcber die hochwertigsten Pr\u00e4zisionsmaschinen in der Branche.<\/p>\n<p>Zur Gew\u00e4hrleistung der Kontinuit\u00e4t haben wir kritische Teile und Maschinen in Reserve und k\u00f6nnen sie im Notfall schnell einsetzen. Zudem verf\u00fcgen wir \u00fcber einen eigenen Technischen Dienst, der unseren Maschinenpark mit einer guten und komplett ausger\u00fcsteten Werkstatt am Laufen h\u00e4lt. Dadurch sind wir von Dritten unabh\u00e4ngig, weniger st\u00f6ranf\u00e4llig und k\u00f6nnen hochwertige Qualit\u00e4t und fristgerechte Lieferung garantieren.   <\/p>\n\t\t\t\t\t\t\t\t<\/div>\n\t\t\t\t<\/div>\n\t\t\t\t\t<\/div>\n\t\t<\/div>\n\t\t\t\t<div class=\"elementor-column elementor-col-50 elementor-top-column elementor-element elementor-element-3bfb923\" data-id=\"3bfb923\" data-element_type=\"column\" data-e-type=\"column\">\n\t\t\t<div class=\"elementor-widget-wrap elementor-element-populated\">\n\t\t\t\t\t\t<div class=\"elementor-element elementor-element-7623c62 elementor-widget elementor-widget-image\" data-id=\"7623c62\" data-element_type=\"widget\" data-e-type=\"widget\" data-widget_type=\"image.default\">\n\t\t\t\t<div class=\"elementor-widget-container\">\n\t\t\t\t\t\t\t\t\t\t\t\t\t\t\t<img decoding=\"async\" src=\"https:\/\/vcnbv.nl\/wp-content\/uploads\/organisatie_machinepark_machinepark.jpg\" title=\"\" alt=\"\" loading=\"lazy\" \/>\t\t\t\t\t\t\t\t\t\t\t\t\t\t\t<\/div>\n\t\t\t\t<\/div>\n\t\t\t\t\t<\/div>\n\t\t<\/div>\n\t\t\t\t\t<\/div>\n\t\t<\/section>\n\t\t\t\t<section class=\"elementor-section elementor-top-section elementor-element elementor-element-2614bd6 elementor-reverse-mobile elementor-section-boxed elementor-section-height-default elementor-section-height-default\" data-id=\"2614bd6\" data-element_type=\"section\" data-e-type=\"section\">\n\t\t\t\t\t\t<div class=\"elementor-container elementor-column-gap-default\">\n\t\t\t\t\t<div class=\"elementor-column elementor-col-50 elementor-top-column elementor-element elementor-element-9a47294\" data-id=\"9a47294\" data-element_type=\"column\" data-e-type=\"column\">\n\t\t\t<div class=\"elementor-widget-wrap elementor-element-populated\">\n\t\t\t\t\t\t<div class=\"elementor-element elementor-element-a3123d3 elementor-widget elementor-widget-image\" data-id=\"a3123d3\" data-element_type=\"widget\" data-e-type=\"widget\" data-widget_type=\"image.default\">\n\t\t\t\t<div class=\"elementor-widget-container\">\n\t\t\t\t\t\t\t\t\t\t\t\t\t\t\t<img decoding=\"async\" src=\"https:\/\/vcnbv.nl\/wp-content\/uploads\/organisatie_machinepark_productielijn-3-16mm.jpg\" title=\"\" alt=\"\" loading=\"lazy\" \/>\t\t\t\t\t\t\t\t\t\t\t\t\t\t\t<\/div>\n\t\t\t\t<\/div>\n\t\t\t\t\t<\/div>\n\t\t<\/div>\n\t\t\t\t<div class=\"elementor-column elementor-col-50 elementor-top-column elementor-element elementor-element-f975d4e\" data-id=\"f975d4e\" data-element_type=\"column\" data-e-type=\"column\">\n\t\t\t<div class=\"elementor-widget-wrap elementor-element-populated\">\n\t\t\t\t\t\t<div class=\"elementor-element elementor-element-a7f2ea2 elementor-widget elementor-widget-heading\" data-id=\"a7f2ea2\" data-element_type=\"widget\" data-e-type=\"widget\" data-widget_type=\"heading.default\">\n\t\t\t\t<div class=\"elementor-widget-container\">\n\t\t\t\t\t<h2 class=\"elementor-heading-title elementor-size-default\">PRODUKTIONSLINIE \u00d83-16MM<\/h2>\t\t\t\t<\/div>\n\t\t\t\t<\/div>\n\t\t\t\t<div class=\"elementor-element elementor-element-1cb1a6a elementor-widget-divider--view-line elementor-widget elementor-widget-divider\" data-id=\"1cb1a6a\" data-element_type=\"widget\" data-e-type=\"widget\" data-widget_type=\"divider.default\">\n\t\t\t\t<div class=\"elementor-widget-container\">\n\t\t\t\t\t\t\t<div class=\"elementor-divider\">\n\t\t\t<span class=\"elementor-divider-separator\">\n\t\t\t\t\t\t<\/span>\n\t\t<\/div>\n\t\t\t\t\t\t<\/div>\n\t\t\t\t<\/div>\n\t\t\t\t<div class=\"elementor-element elementor-element-3eb6e0f elementor-widget elementor-widget-heading\" data-id=\"3eb6e0f\" data-element_type=\"widget\" data-e-type=\"widget\" data-widget_type=\"heading.default\">\n\t\t\t\t<div class=\"elementor-widget-container\">\n\t\t\t\t\t<p class=\"elementor-heading-title elementor-size-default\">16-achsige CNC-L\u00e4ngsdrehmaschine (4x)<\/p>\t\t\t\t<\/div>\n\t\t\t\t<\/div>\n\t\t\t\t<div class=\"elementor-element elementor-element-370f612 elementor-widget elementor-widget-text-editor\" data-id=\"370f612\" data-element_type=\"widget\" data-e-type=\"widget\" data-widget_type=\"text-editor.default\">\n\t\t\t\t<div class=\"elementor-widget-container\">\n\t\t\t\t\t\t\t\t\t<ul>\n<li>4 Werkzeugschlitten mit insgesamt 27 (angetriebenen) Werkzeugen und Y-Achse<\/li>\n<li>Haupt- und Gegenspindeln mit C-Achse<\/li>\n<li>Maximale Werkst\u00fcckgr\u00f6\u00dfe \u00d816 x 180mm<\/li>\n<li>Stangenlader 3m<\/li>\n<\/ul>\n\t\t\t\t\t\t\t\t<\/div>\n\t\t\t\t<\/div>\n\t\t\t\t\t<\/div>\n\t\t<\/div>\n\t\t\t\t\t<\/div>\n\t\t<\/section>\n\t\t\t\t<section class=\"elementor-section elementor-top-section elementor-element elementor-element-b27fcf0 elementor-section-boxed elementor-section-height-default elementor-section-height-default\" data-id=\"b27fcf0\" data-element_type=\"section\" data-e-type=\"section\">\n\t\t\t\t\t\t<div class=\"elementor-container elementor-column-gap-default\">\n\t\t\t\t\t<div class=\"elementor-column elementor-col-50 elementor-top-column elementor-element elementor-element-459424c\" data-id=\"459424c\" data-element_type=\"column\" data-e-type=\"column\">\n\t\t\t<div class=\"elementor-widget-wrap elementor-element-populated\">\n\t\t\t\t\t\t<div class=\"elementor-element elementor-element-c66578a elementor-widget elementor-widget-heading\" data-id=\"c66578a\" data-element_type=\"widget\" data-e-type=\"widget\" data-widget_type=\"heading.default\">\n\t\t\t\t<div class=\"elementor-widget-container\">\n\t\t\t\t\t<h2 class=\"elementor-heading-title elementor-size-default\">PRODUKTIONSLINIE \u00d85-32MM<\/h2>\t\t\t\t<\/div>\n\t\t\t\t<\/div>\n\t\t\t\t<div class=\"elementor-element elementor-element-22b0a6b elementor-widget-divider--view-line elementor-widget elementor-widget-divider\" data-id=\"22b0a6b\" data-element_type=\"widget\" data-e-type=\"widget\" data-widget_type=\"divider.default\">\n\t\t\t\t<div class=\"elementor-widget-container\">\n\t\t\t\t\t\t\t<div class=\"elementor-divider\">\n\t\t\t<span class=\"elementor-divider-separator\">\n\t\t\t\t\t\t<\/span>\n\t\t<\/div>\n\t\t\t\t\t\t<\/div>\n\t\t\t\t<\/div>\n\t\t\t\t<div class=\"elementor-element elementor-element-764b78f elementor-widget elementor-widget-heading\" data-id=\"764b78f\" data-element_type=\"widget\" data-e-type=\"widget\" data-widget_type=\"heading.default\">\n\t\t\t\t<div class=\"elementor-widget-container\">\n\t\t\t\t\t<p class=\"elementor-heading-title elementor-size-default\">16-achsige CNC-L\u00e4ngsdrehmaschine (15x)\n<\/p>\t\t\t\t<\/div>\n\t\t\t\t<\/div>\n\t\t\t\t<div class=\"elementor-element elementor-element-c857b41 elementor-widget elementor-widget-text-editor\" data-id=\"c857b41\" data-element_type=\"widget\" data-e-type=\"widget\" data-widget_type=\"text-editor.default\">\n\t\t\t\t<div class=\"elementor-widget-container\">\n\t\t\t\t\t\t\t\t\t<ul>\n<li>4 Werkzeugschlitten mit insgesamt 27 (angetriebenen) Werkzeugen und Y-Achse<\/li>\n<li>Haupt- und Gegenspindeln mit C-Achse<\/li>\n<li>Maximale Werkst\u00fcckgr\u00f6\u00dfe \u00d832 x 850mm<\/li>\n<li>Stangenlader 3m<\/li>\n<\/ul>\n\t\t\t\t\t\t\t\t<\/div>\n\t\t\t\t<\/div>\n\t\t\t\t\t<\/div>\n\t\t<\/div>\n\t\t\t\t<div class=\"elementor-column elementor-col-50 elementor-top-column elementor-element elementor-element-32d338b\" data-id=\"32d338b\" data-element_type=\"column\" data-e-type=\"column\">\n\t\t\t<div class=\"elementor-widget-wrap elementor-element-populated\">\n\t\t\t\t\t\t<div class=\"elementor-element elementor-element-ca0cf50 elementor-widget elementor-widget-image\" data-id=\"ca0cf50\" data-element_type=\"widget\" data-e-type=\"widget\" data-widget_type=\"image.default\">\n\t\t\t\t<div class=\"elementor-widget-container\">\n\t\t\t\t\t\t\t\t\t\t\t\t\t\t\t<img decoding=\"async\" src=\"https:\/\/vcnbv.nl\/wp-content\/uploads\/organisatie_machinepark_productielijn-5-32mm.jpg\" title=\"\" alt=\"\" loading=\"lazy\" \/>\t\t\t\t\t\t\t\t\t\t\t\t\t\t\t<\/div>\n\t\t\t\t<\/div>\n\t\t\t\t\t<\/div>\n\t\t<\/div>\n\t\t\t\t\t<\/div>\n\t\t<\/section>\n\t\t\t\t<section class=\"elementor-section elementor-top-section elementor-element elementor-element-145f88d elementor-reverse-mobile elementor-section-boxed elementor-section-height-default elementor-section-height-default\" data-id=\"145f88d\" data-element_type=\"section\" data-e-type=\"section\">\n\t\t\t\t\t\t<div class=\"elementor-container elementor-column-gap-default\">\n\t\t\t\t\t<div class=\"elementor-column elementor-col-50 elementor-top-column elementor-element elementor-element-80d71e5\" data-id=\"80d71e5\" data-element_type=\"column\" data-e-type=\"column\">\n\t\t\t<div class=\"elementor-widget-wrap elementor-element-populated\">\n\t\t\t\t\t\t<div class=\"elementor-element elementor-element-0728c09 elementor-widget elementor-widget-image\" data-id=\"0728c09\" data-element_type=\"widget\" data-e-type=\"widget\" data-widget_type=\"image.default\">\n\t\t\t\t<div class=\"elementor-widget-container\">\n\t\t\t\t\t\t\t\t\t\t\t\t\t\t\t<img fetchpriority=\"high\" decoding=\"async\" width=\"600\" height=\"360\" src=\"https:\/\/vcnbv.nl\/wp-content\/uploads\/organisatie_machinepark-productielijn_20-65mm.jpg\" class=\"attachment-full size-full wp-image-8114\" alt=\"\" srcset=\"https:\/\/vcnbv.nl\/wp-content\/uploads\/organisatie_machinepark-productielijn_20-65mm.jpg 600w, https:\/\/vcnbv.nl\/wp-content\/uploads\/organisatie_machinepark-productielijn_20-65mm-300x180.jpg 300w\" sizes=\"(max-width: 600px) 100vw, 600px\" \/>\t\t\t\t\t\t\t\t\t\t\t\t\t\t\t<\/div>\n\t\t\t\t<\/div>\n\t\t\t\t\t<\/div>\n\t\t<\/div>\n\t\t\t\t<div class=\"elementor-column elementor-col-50 elementor-top-column elementor-element elementor-element-fcab18c\" data-id=\"fcab18c\" data-element_type=\"column\" data-e-type=\"column\">\n\t\t\t<div class=\"elementor-widget-wrap elementor-element-populated\">\n\t\t\t\t\t\t<div class=\"elementor-element elementor-element-47f5d9a elementor-widget elementor-widget-heading\" data-id=\"47f5d9a\" data-element_type=\"widget\" data-e-type=\"widget\" data-widget_type=\"heading.default\">\n\t\t\t\t<div class=\"elementor-widget-container\">\n\t\t\t\t\t<h2 class=\"elementor-heading-title elementor-size-default\">PRODUKTIONSLINIE \u00d820-65MM<\/h2>\t\t\t\t<\/div>\n\t\t\t\t<\/div>\n\t\t\t\t<div class=\"elementor-element elementor-element-8a2c304 elementor-widget-divider--view-line elementor-widget elementor-widget-divider\" data-id=\"8a2c304\" data-element_type=\"widget\" data-e-type=\"widget\" data-widget_type=\"divider.default\">\n\t\t\t\t<div class=\"elementor-widget-container\">\n\t\t\t\t\t\t\t<div class=\"elementor-divider\">\n\t\t\t<span class=\"elementor-divider-separator\">\n\t\t\t\t\t\t<\/span>\n\t\t<\/div>\n\t\t\t\t\t\t<\/div>\n\t\t\t\t<\/div>\n\t\t\t\t<div class=\"elementor-element elementor-element-b25828d elementor-widget elementor-widget-heading\" data-id=\"b25828d\" data-element_type=\"widget\" data-e-type=\"widget\" data-widget_type=\"heading.default\">\n\t\t\t\t<div class=\"elementor-widget-container\">\n\t\t\t\t\t<p class=\"elementor-heading-title elementor-size-default\">13-achsige CNC-Drehmaschine (28x)\n<\/p>\t\t\t\t<\/div>\n\t\t\t\t<\/div>\n\t\t\t\t<div class=\"elementor-element elementor-element-2a4ffa0 elementor-widget elementor-widget-text-editor\" data-id=\"2a4ffa0\" data-element_type=\"widget\" data-e-type=\"widget\" data-widget_type=\"text-editor.default\">\n\t\t\t\t<div class=\"elementor-widget-container\">\n\t\t\t\t\t\t\t\t\t<ul>\n<li>3 Revolver mit insgesamt 42 (angetriebenen) Werkzeugen und Y-Achse<\/li>\n<li>Haupt- und Gegenspindeln mit C-Achse<\/li>\n<li>Maximale Werkst\u00fcckgr\u00f6\u00dfe \u00d865 x 250mm<\/li>\n<li>Stangenlader 3m<\/li>\n<\/ul>\n\t\t\t\t\t\t\t\t<\/div>\n\t\t\t\t<\/div>\n\t\t\t\t\t<\/div>\n\t\t<\/div>\n\t\t\t\t\t<\/div>\n\t\t<\/section>\n\t\t\t\t<section class=\"elementor-section elementor-top-section elementor-element elementor-element-10f1aba elementor-section-boxed elementor-section-height-default elementor-section-height-default\" data-id=\"10f1aba\" data-element_type=\"section\" data-e-type=\"section\">\n\t\t\t\t\t\t<div class=\"elementor-container elementor-column-gap-default\">\n\t\t\t\t\t<div class=\"elementor-column elementor-col-50 elementor-top-column elementor-element elementor-element-c4ef540\" data-id=\"c4ef540\" data-element_type=\"column\" data-e-type=\"column\">\n\t\t\t<div class=\"elementor-widget-wrap elementor-element-populated\">\n\t\t\t\t\t\t<div class=\"elementor-element elementor-element-fbd6a45 elementor-widget elementor-widget-heading\" data-id=\"fbd6a45\" data-element_type=\"widget\" data-e-type=\"widget\" data-widget_type=\"heading.default\">\n\t\t\t\t<div class=\"elementor-widget-container\">\n\t\t\t\t\t<h2 class=\"elementor-heading-title elementor-size-default\">PRODUKTIONSLINIE \u00d840-100MM<\/h2>\t\t\t\t<\/div>\n\t\t\t\t<\/div>\n\t\t\t\t<div class=\"elementor-element elementor-element-9480ce7 elementor-widget-divider--view-line elementor-widget elementor-widget-divider\" data-id=\"9480ce7\" data-element_type=\"widget\" data-e-type=\"widget\" data-widget_type=\"divider.default\">\n\t\t\t\t<div class=\"elementor-widget-container\">\n\t\t\t\t\t\t\t<div class=\"elementor-divider\">\n\t\t\t<span class=\"elementor-divider-separator\">\n\t\t\t\t\t\t<\/span>\n\t\t<\/div>\n\t\t\t\t\t\t<\/div>\n\t\t\t\t<\/div>\n\t\t\t\t<div class=\"elementor-element elementor-element-4f71547 elementor-widget elementor-widget-heading\" data-id=\"4f71547\" data-element_type=\"widget\" data-e-type=\"widget\" data-widget_type=\"heading.default\">\n\t\t\t\t<div class=\"elementor-widget-container\">\n\t\t\t\t\t<p class=\"elementor-heading-title elementor-size-default\">13-achsige CNC-Drehmaschine (2x)<\/p>\t\t\t\t<\/div>\n\t\t\t\t<\/div>\n\t\t\t\t<div class=\"elementor-element elementor-element-8991857 elementor-widget elementor-widget-text-editor\" data-id=\"8991857\" data-element_type=\"widget\" data-e-type=\"widget\" data-widget_type=\"text-editor.default\">\n\t\t\t\t<div class=\"elementor-widget-container\">\n\t\t\t\t\t\t\t\t\t<ul>\n<li>3 Revolver mit insgesamt 42 (angetriebenen) Werkzeugen und Y-Achse<\/li>\n<li>Haupt- und Gegenspindeln mit C-Achse<\/li>\n<li>Maximale Werkst\u00fcckgr\u00f6\u00dfe \u00d8100 x 250mm<\/li>\n<\/ul>\n\t\t\t\t\t\t\t\t<\/div>\n\t\t\t\t<\/div>\n\t\t\t\t\t<\/div>\n\t\t<\/div>\n\t\t\t\t<div class=\"elementor-column elementor-col-50 elementor-top-column elementor-element elementor-element-aaea4e5\" data-id=\"aaea4e5\" data-element_type=\"column\" data-e-type=\"column\">\n\t\t\t<div class=\"elementor-widget-wrap elementor-element-populated\">\n\t\t\t\t\t\t<div class=\"elementor-element elementor-element-bf84e75 elementor-widget elementor-widget-image\" data-id=\"bf84e75\" data-element_type=\"widget\" data-e-type=\"widget\" data-widget_type=\"image.default\">\n\t\t\t\t<div class=\"elementor-widget-container\">\n\t\t\t\t\t\t\t\t\t\t\t\t\t\t\t<img decoding=\"async\" width=\"600\" height=\"360\" src=\"https:\/\/vcnbv.nl\/wp-content\/uploads\/organisatie_machinepark_productielijn-40-100mm.jpg\" class=\"attachment-full size-full wp-image-8111\" alt=\"\" srcset=\"https:\/\/vcnbv.nl\/wp-content\/uploads\/organisatie_machinepark_productielijn-40-100mm.jpg 600w, https:\/\/vcnbv.nl\/wp-content\/uploads\/organisatie_machinepark_productielijn-40-100mm-300x180.jpg 300w\" sizes=\"(max-width: 600px) 100vw, 600px\" \/>\t\t\t\t\t\t\t\t\t\t\t\t\t\t\t<\/div>\n\t\t\t\t<\/div>\n\t\t\t\t\t<\/div>\n\t\t<\/div>\n\t\t\t\t\t<\/div>\n\t\t<\/section>\n\t\t\t\t<\/div>\n\t\t","protected":false},"excerpt":{"rendered":"<p>MASCHINENPARK Mit unserem Maschinenpark mit CNC-Kurz- und Langdrehmaschinen aus Deutschland (Index) und der Schweiz (Tornos) verf\u00fcgen wir \u00fcber die hochwertigsten Pr\u00e4zisionsmaschinen in der Branche. Zur Gew\u00e4hrleistung der Kontinuit\u00e4t haben wir kritische Teile und Maschinen in Reserve und k\u00f6nnen sie im Notfall schnell einsetzen. Zudem verf\u00fcgen wir \u00fcber einen eigenen Technischen Dienst, der unseren Maschinenpark mit &#8230; <a title=\"Maschinenpark\" class=\"read-more\" href=\"https:\/\/vcnbv.nl\/de\/organization\/maschinenpark\/\" aria-label=\"Mehr Informationen \u00fcber Maschinenpark\">Weiterlesen<\/a><\/p>\n","protected":false},"author":5,"featured_media":0,"parent":5689,"menu_order":21,"comment_status":"closed","ping_status":"closed","template":"elementor_header_footer","meta":{"footnotes":""},"class_list":["post-4435","page","type-page","status-publish"],"_links":{"self":[{"href":"https:\/\/vcnbv.nl\/de\/wp-json\/wp\/v2\/pages\/4435","targetHints":{"allow":["GET"]}}],"collection":[{"href":"https:\/\/vcnbv.nl\/de\/wp-json\/wp\/v2\/pages"}],"about":[{"href":"https:\/\/vcnbv.nl\/de\/wp-json\/wp\/v2\/types\/page"}],"author":[{"embeddable":true,"href":"https:\/\/vcnbv.nl\/de\/wp-json\/wp\/v2\/users\/5"}],"replies":[{"embeddable":true,"href":"https:\/\/vcnbv.nl\/de\/wp-json\/wp\/v2\/comments?post=4435"}],"version-history":[{"count":0,"href":"https:\/\/vcnbv.nl\/de\/wp-json\/wp\/v2\/pages\/4435\/revisions"}],"up":[{"embeddable":true,"href":"https:\/\/vcnbv.nl\/de\/wp-json\/wp\/v2\/pages\/5689"}],"wp:attachment":[{"href":"https:\/\/vcnbv.nl\/de\/wp-json\/wp\/v2\/media?parent=4435"}],"curies":[{"name":"wp","href":"https:\/\/api.w.org\/{rel}","templated":true}]}}