{"id":4473,"date":"2023-05-05T00:00:32","date_gmt":"2023-05-04T22:00:32","guid":{"rendered":"https:\/\/websitebijmeceda.nl\/vcn\/prozesse\/"},"modified":"2023-05-18T06:55:55","modified_gmt":"2023-05-18T05:55:55","slug":"prozesse","status":"publish","type":"page","link":"https:\/\/vcnbv.nl\/de\/prozesse\/","title":{"rendered":"Prozesse"},"content":{"rendered":"\t\t<div data-elementor-type=\"wp-page\" data-elementor-id=\"4473\" class=\"elementor elementor-4473 elementor-1257\" data-elementor-post-type=\"page\">\n\t\t\t\t\t\t<section class=\"elementor-section elementor-top-section elementor-element elementor-element-804deda elementor-section-boxed elementor-section-height-default elementor-section-height-default\" data-id=\"804deda\" data-element_type=\"section\" data-e-type=\"section\" data-settings=\"{&quot;background_background&quot;:&quot;classic&quot;}\">\n\t\t\t\t\t\t<div class=\"elementor-container elementor-column-gap-default\">\n\t\t\t\t\t<div class=\"elementor-column elementor-col-100 elementor-top-column elementor-element elementor-element-bd50155\" data-id=\"bd50155\" data-element_type=\"column\" data-e-type=\"column\">\n\t\t\t<div class=\"elementor-widget-wrap elementor-element-populated\">\n\t\t\t\t\t\t<div class=\"elementor-element elementor-element-20b44f5 elementor-widget elementor-widget-heading\" data-id=\"20b44f5\" data-element_type=\"widget\" data-e-type=\"widget\" data-widget_type=\"heading.default\">\n\t\t\t\t<div class=\"elementor-widget-container\">\n\t\t\t\t\t<h1 class=\"elementor-heading-title elementor-size-default\">PROZESS VCN MASS TURNING<\/h1>\t\t\t\t<\/div>\n\t\t\t\t<\/div>\n\t\t\t\t<div class=\"elementor-element elementor-element-1b79f0a elementor-widget-divider--view-line elementor-widget elementor-widget-divider\" data-id=\"1b79f0a\" data-element_type=\"widget\" data-e-type=\"widget\" data-widget_type=\"divider.default\">\n\t\t\t\t<div class=\"elementor-widget-container\">\n\t\t\t\t\t\t\t<div class=\"elementor-divider\">\n\t\t\t<span class=\"elementor-divider-separator\">\n\t\t\t\t\t\t<\/span>\n\t\t<\/div>\n\t\t\t\t\t\t<\/div>\n\t\t\t\t<\/div>\n\t\t\t\t<div class=\"elementor-element elementor-element-83d4da5 elementor-widget elementor-widget-vcnslider\" data-id=\"83d4da5\" data-element_type=\"widget\" data-e-type=\"widget\" data-widget_type=\"vcnslider.default\">\n\t\t\t\t<div class=\"elementor-widget-container\">\n\t\t\t\t\t        <div class=\"vcn-slider-wrapper\">\n            <div class=\"line\"><\/div>\n            <div class=\"row swiper-menu\">\n                <div class=\"menu-item dotActive\" id=\"item-0\" onclick=\"setVcnSlide(0, this.id)\">\n                    <div class=\"icon-slider-select\">\n                        <div class=\"dot\"><\/div>\n                    <\/div>\n                    <p class=\"dot-p\">Anfrage<\/p>\n                <\/div>\n                <div class=\"menu-item\" id=\"item-1\" onclick=\"setVcnSlide(1, this.id)\">\n                    <div class=\"icon-slider-select\">\n                        <div class=\"dot\"><\/div>\n                    <\/div>\n                    <p class=\"dot-p\">Produktion<\/p>\n                <\/div>\n                <div class=\"menu-item\" id=\"item-2\" onclick=\"setVcnSlide(2, this.id)\">\n                    <div class=\"icon-slider-select\">\n                        <div class=\"dot\"><\/div>\n                    <\/div>\n                    <p class=\"dot-p\">Reinigung<\/p>\n                <\/div>\n                <div class=\"menu-item\" id=\"item-3\" onclick=\"setVcnSlide(3, this.id)\">\n                    <div class=\"icon-slider-select\">\n                        <div class=\"dot\"><\/div>\n                    <\/div>\n                    <p class=\"dot-p\">Nachbehandlung<\/p>\n                <\/div>\n                <div class=\"menu-item\" id=\"item-4\" onclick=\"setVcnSlide(4, this.id)\">\n                    <div class=\"icon-slider-select\">\n                        <div class=\"dot\"><\/div>\n                    <\/div>\n                    <p class=\"dot-p\">Kontrolle<\/p>\n                <\/div>\n                <div class=\"menu-item\" id=\"item-5\" onclick=\"setVcnSlide(5, this.id)\">\n                    <div class=\"icon-slider-select\">\n                        <div class=\"dot\"><\/div>\n                    <\/div>\n                    <p class=\"dot-p\">Montage<\/p>\n                <\/div>\n                <div class=\"menu-item\" id=\"item-6\" onclick=\"setVcnSlide(6, this.id)\">\n                    <div class=\"icon-slider-select\">\n                        <div class=\"dot\"><\/div>\n                    <\/div>\n                    <p class=\"dot-p\">Logistik<\/p>\n                <\/div>\n            <\/div>\n            <link rel=\"stylesheet\" href=\"https:\/\/unpkg.com\/swiper@8\/swiper-bundle.min.css\" \/>\n\n            <script src=\"https:\/\/unpkg.com\/swiper@8\/swiper-bundle.min.js\"><\/script>\n\n            <div class=\"swiper VCNSwiper\">\n                <div class=\"swiper-wrapper\">\n                    <div class=\"swiper-slide row\">\n                        <div class=\"col-md-6 col-12 content\">\n                            <h2 class=\"elementor-heading-title mb-5 elementor-size-default\">Anfrage<\/h2>\n                            <p class=\"text-white mb-3\">Wenn Sie einfache oder im Gegenteil komplexe und hochpr\u00e4zise Teile ben\u00f6tigen, sind Sie bei VCN mass turning an der richtigen Adresse. Wir besprechen mit Ihnen Spezifikationen und Lieferzeiten. Dann macht sich unser Team f\u00fcr die Arbeitsvorbereitung an die Arbeit mit Ihren Zeichnungen und Spezifikationen.<\/p>\n                            <a class=\"elementor-button-link elementor-button elementor-size-sm\" href=\"https:\/\/vcnbv.nl\/de\/prozesse\/anfrage\/\" tabindex=\"0\">Mehr Infos<\/a>\n                        <\/div>\n                        <div class=\"col-md-6 col-12\">\n                            <img decoding=\"async\" src=\"https:\/\/vcnbv.nl\/wp-content\/uploads\/processen_aanvraag.jpg\" class=\"slide-image\" alt=\"\">\n                        <\/div>\n                    <\/div>\n                    <div class=\"swiper-slide row\">\n                        <div class=\"col-md-6 col-12 content\">\n                            <h2 class=\"elementor-heading-title mb-5 elementor-size-default\">Produktion<\/h2>\n                            <p class=\"text-white mb-3\">In unserer klimatisierten Produktionshalle verf\u00fcgen wir \u00fcber zwei Produktionslinien mit computergesteuerten Maschinen, die 24 Stunden am Tag in Betrieb sind. Die Kombination aus handwerklichem K\u00f6nnen, fortschrittlichen Maschinen und sorgf\u00e4ltiger Wartung durch unsere hauseigene technische Abteilung erm\u00f6glicht es uns, ein perfektes Endprodukt aus Stahl, Edelstahl, Aluminium oder Messing in jeder bearbeitbaren Legierung herzustellen.<\/p>\n                            <a class=\"elementor-button-link elementor-button elementor-size-sm\" href=\"https:\/\/vcnbv.nl\/de\/prozesse\/produktion\/\" tabindex=\"0\">Mehr Infos<\/a>\n                        <\/div>\n                        <div class=\"col-md-6 col-12\">\n                            <img decoding=\"async\" src=\"https:\/\/vcnbv.nl\/wp-content\/uploads\/processen_productie.jpg\" class=\"slide-image\" alt=\"\">\n                        <\/div>\n                    <\/div>\n                    <div class=\"swiper-slide row\">\n                        <div class=\"col-md-6 col-12 content\">\n                            <h2 class=\"elementor-heading-title mb-5 elementor-size-default\">Reinigung<\/h2>\n                            <p class=\"text-white mb-3\">Nach der Produktion werden die Produkte in unserer robotergesteuerten Waschstra\u00dfe gereinigt und entfettet. Es besteht aus zwei identischen Reinigungsmaschinen. Das bei der Reinigung der Produkte entfernte Schneid\u00f6l wird wiederverwendet.<\/p>\n                            <a class=\"elementor-button-link elementor-button elementor-size-sm\" href=\"https:\/\/vcnbv.nl\/de\/prozesse\/reinigung\/\" tabindex=\"0\">Mehr Infos<\/a>\n                        <\/div>\n                        <div class=\"col-md-6 col-12\">\n                            <img decoding=\"async\" src=\"https:\/\/vcnbv.nl\/wp-content\/uploads\/processen_reiniging.jpg\" class=\"slide-image\" alt=\"\">\n                        <\/div>\n                    <\/div>\n                    <div class=\"swiper-slide row\">\n                        <div class=\"col-md-6 col-12 content\">\n                            <h2 class=\"elementor-heading-title mb-5 elementor-size-default\">Nachbehandlung<\/h2>\n                            <p class=\"text-white mb-3\">Wenn Ihr Produkt eine weitere Nachbehandlung erfordert, k\u00f6nnen wir uns auch darum k\u00fcmmern. Wir bieten verschiedene Nachbehandlungen, wie z. B. die Gravur, innerhalb unserer eigenen Organisation an. Wir arbeiten auch mit ausgew\u00e4hlten Partnern zusammen.<\/p>\n                            <a class=\"elementor-button-link elementor-button elementor-size-sm\" href=\"https:\/\/vcnbv.nl\/de\/prozesse\/nachbehandlung\/\/\" tabindex=\"0\">Mehr Infos<\/a>\n                        <\/div>\n                        <div class=\"col-md-6 col-12\">\n                            <img decoding=\"async\" src=\"https:\/\/vcnbv.nl\/wp-content\/uploads\/processen_nabehandeling.jpg\" class=\"slide-image\" alt=\"\">\n                        <\/div>\n                    <\/div>\n                    <div class=\"swiper-slide row\">\n                        <div class=\"col-md-6 col-12 content\">\n                            <h2 class=\"elementor-heading-title mb-5 elementor-size-default\">Kontrolle<\/h2>\n                            <p class=\"text-white mb-3\">Gemeinsam mit Ihnen legen wir die Spezifikationen und Anforderungen fest, die das Produkt erf\u00fcllen muss. Genaue Kontrollen w\u00e4hrend der Produktion gew\u00e4hrleisten ein gutes Produkt. So pr\u00fcfen die Betreiber bereits w\u00e4hrend des Produktionsprozesses, ob die Produkte diesen Anforderungen entsprechen. Nach der Reinigung erfolgt stets eine strenge Kontrolle durch unser Qualit\u00e4tspersonal.<\/p>\n                            <a class=\"elementor-button-link elementor-button elementor-size-sm\" href=\"https:\/\/vcnbv.nl\/de\/prozesse\/kontrolle\/\" tabindex=\"0\">Mehr Infos<\/a>\n                        <\/div>\n                        <div class=\"col-md-6 col-12\">\n                            <img decoding=\"async\" src=\"https:\/\/vcnbv.nl\/wp-content\/uploads\/processen_controle.jpg\" class=\"slide-image\" alt=\"\">\n                        <\/div>\n                    <\/div>\n                    <div class=\"swiper-slide row\">\n                        <div class=\"col-md-6 col-12 content\">\n                            <h2 class=\"elementor-heading-title mb-5 elementor-size-default\">Montage<\/h2>\n                            <p class=\"text-white mb-3\">Auf Wunsch k\u00f6nnen wir auch die (Vor-)Montage Ihrer Produkte \u00fcbernehmen. Denken Sie an den Zusammenbau verschiedener Teile zu einem fertigen Produkt oder an den Zusammenbau verschiedener (Dreh-)Teile zu einem Satz.<\/p>\n                            <a class=\"elementor-button-link elementor-button elementor-size-sm\" href=\"https:\/\/vcnbv.nl\/de\/prozesse\/montage\/\" tabindex=\"0\">Mehr Infos<\/a>\n                        <\/div>\n                        <div class=\"col-md-6 col-12\">\n                            <img decoding=\"async\" src=\"https:\/\/vcnbv.nl\/wp-content\/uploads\/processen_assemblage.jpg\" class=\"slide-image\" alt=\"\">\n                        <\/div>\n                    <\/div>\n                    <div class=\"swiper-slide row\">\n                        <div class=\"col-md-6 col-12 content\">\n                            <h2 class=\"elementor-heading-title mb-5 elementor-size-default\">Logistik<\/h2>\n                            <p class=\"text-white mb-3\">Die Logistikabteilung ist f\u00fcr die Versorgung mit Rohstoffen sowie f\u00fcr die Verpackung, Lagerung und Auslieferung des Produkts zust\u00e4ndig. Wir k\u00fcmmern uns auch selbst um den Transport Ihrer Produkte.<\/p>\n                            <a class=\"elementor-button-link elementor-button elementor-size-sm\" href=\"https:\/\/vcnbv.nl\/de\/prozesse\/logistik\/\" tabindex=\"0\">Mehr Infos<\/a>\n                        <\/div>\n                        <div class=\"col-md-6 col-12\">\n                            <img decoding=\"async\" src=\"https:\/\/vcnbv.nl\/wp-content\/uploads\/processen_logistiek.jpg\" class=\"slide-image\" alt=\"\">\n                        <\/div>\n                    <\/div>\n                <\/div>\n            <\/div>\n        <\/div>\n\n        <script>\n            var swipervcn = new Swiper(\".VCNSwiper\", {});\n            var oldID = \"item-0\";\n            function setVcnSlide(id, item){\n                swipervcn.slideTo(id);\n                console.log(oldID)\n                if(oldID != \"\"){\n                    document.getElementById(\"\"+oldID+\"\").classList.remove(\"dotActive\");\n                }\n                oldID = item;\n                document.getElementById(\"\"+item+\"\").classList.add(\"dotActive\");\n            }\n            swipervcn.on('slideChange', function () {\n                    if(swipervcn.touches.diff > 0){\n                        var oldIdS = (swipervcn.realIndex + 1);\n                    }else{\n                        var oldIdS = (swipervcn.realIndex - 1);\n                    }\n                    console.log(oldIdS);\n                    document.getElementById(\"item-\"+oldIdS+\"\").classList.remove(\"dotActive\");\n                    document.getElementById(\"item-\"+swipervcn.realIndex).classList.add(\"dotActive\");\n                   \n                \n            });\n        <\/script>\n        <style>\n            .vcn-slider-wrapper .menu-item {\n                display: block;\n                width: auto;\n                margin: auto;\n            }\n\n            .dot-p {\n                margin-top: 15px;\n            }\n\n            .slide-image {\n                height: 500px !important;\n                object-fit: cover;\n                width: 100%;\n            }\n\n            .swiper-menu {\n                margin-top: -13px;\n            }\n\n            .vcn-slider-wrapper .line {\n                width: 87%;\n                margin: auto;\n                height: 1px;\n                background-color: #ccc;\n            }\n\n            .col-12 {\n                width: 100%;\n                display: block;\n            }\n\n            .row {\n                display: flex;\n\n            }\n\n            .text-white {\n                color: white;\n            }\n\n            .mb-3 {\n                margin-bottom: 15px;\n            }\n\n            .mb-5 {\n                margin-bottom: 25px;\n            }\n\n            .vcn-slider-wrapper .content {\n                background-color: #0070ba;\n                padding: 40px;\n            }\n\n            .vcn-slider-wrapper .content h2 {\n                color: #FFFFFF;\n                font-size: 24px;\n                font-weight: 700;\n                text-transform: none;\n            }\n\n            .icon-slider-select {\n                height: 30px;\n                width: 30px;\n                margin: auto;\n                border: 1px #ccc solid !important;\n                border-radius: 100%;\n                background-color: white;\n                cursor: pointer;\n            }\n            .dotActive .dot{\n                height: 30px !important;\n                width: 30px !important;\n            }\n            .vcn-slider-wrapper .dot {\n                transition: ease-in-out 0.2s all;\n                height: 10px;\n                width: 10px;\n                background-color: #0070ba;\n                margin: auto;\n                margin-bottom: 10px;\n                border-radius: 100%;\n                position: relative;\n                top: 50%;\n                transform: translateY(-50%);\n            }\n\n            @media(min-width: 767px) {\n                .col-md-6 {\n                    width: 50% !important;\n                    display: block;\n                }\n\n                .vcn-slider-wrapper .swiper-slide {\n                    height: 500px;\n                }\n            }\n\n            @media(max-width: 767px) {\n                .vcn-slider-wrapper .swiper-slide {\n                    height: 725px;\n                }\n\n                .swiper-slide {\n                    flex-direction: column;\n                }\n\n                .swiper-menu {\n                    margin-bottom: 25px;\n                }\n\n                .vcn-slider-wrapper .content {}\n\n                .dot-p {\n                    display: none;\n                }\n            }\n        <\/style>\n\t\t\t\t<\/div>\n\t\t\t\t<\/div>\n\t\t\t\t\t<\/div>\n\t\t<\/div>\n\t\t\t\t\t<\/div>\n\t\t<\/section>\n\t\t\t\t<\/div>\n\t\t","protected":false},"excerpt":{"rendered":"<p>PROZESS VCN MASS TURNING Aanvraag Productie Reiniging Nabehandeling Controle Assemblage Logistiek Aanvraag Heeft u eenvoudige of juist complexe en zeer nauwkeurige onderdelen nodig, dan bent u bij VCN mass turning aan het juiste adres. We bespreken met u de specificaties en levertijden. Daarna gaat onze werkvoorbereiding aan de slag met uw tekeningen en specificaties. Meer &#8230; <a title=\"Prozesse\" class=\"read-more\" href=\"https:\/\/vcnbv.nl\/de\/prozesse\/\" aria-label=\"Mehr Informationen \u00fcber Prozesse\">Weiterlesen<\/a><\/p>\n","protected":false},"author":5,"featured_media":0,"parent":0,"menu_order":10,"comment_status":"closed","ping_status":"closed","template":"elementor_header_footer","meta":{"footnotes":""},"class_list":["post-4473","page","type-page","status-publish"],"_links":{"self":[{"href":"https:\/\/vcnbv.nl\/de\/wp-json\/wp\/v2\/pages\/4473","targetHints":{"allow":["GET"]}}],"collection":[{"href":"https:\/\/vcnbv.nl\/de\/wp-json\/wp\/v2\/pages"}],"about":[{"href":"https:\/\/vcnbv.nl\/de\/wp-json\/wp\/v2\/types\/page"}],"author":[{"embeddable":true,"href":"https:\/\/vcnbv.nl\/de\/wp-json\/wp\/v2\/users\/5"}],"replies":[{"embeddable":true,"href":"https:\/\/vcnbv.nl\/de\/wp-json\/wp\/v2\/comments?post=4473"}],"version-history":[{"count":0,"href":"https:\/\/vcnbv.nl\/de\/wp-json\/wp\/v2\/pages\/4473\/revisions"}],"wp:attachment":[{"href":"https:\/\/vcnbv.nl\/de\/wp-json\/wp\/v2\/media?parent=4473"}],"curies":[{"name":"wp","href":"https:\/\/api.w.org\/{rel}","templated":true}]}}